                                                                                                                {"id":879,"date":"2021-11-14T15:37:12","date_gmt":"2021-11-14T15:37:12","guid":{"rendered":"https:\/\/demo.casethemes.net\/industo\/?page_id=879"},"modified":"2022-12-22T14:58:47","modified_gmt":"2022-12-22T14:58:47","slug":"founders-message","status":"publish","type":"page","link":"https:\/\/dincerraf.com\/en\/founders-message\/","title":{"rendered":"Founder&#8217;s Message"},"content":{"rendered":"\t\t<div data-elementor-type=\"wp-page\" data-elementor-id=\"879\" class=\"elementor elementor-879\">\n\t\t\t\t\t\t\t        <section class=\"elementor-section elementor-top-section elementor-element elementor-element-f46e956 elementor-section-stretched elementor-section-boxed elementor-section-height-default elementor-section-height-default ct-header-fixed-none ct-column-none ct-row-scroll-none ct-row-gradient--none ct-row-container--default\" data-id=\"f46e956\" data-element_type=\"section\" data-settings=\"{&quot;stretch_section&quot;:&quot;section-stretched&quot;,&quot;background_background&quot;:&quot;classic&quot;}\">\n            \n                        <div class=\"elementor-container elementor-column-gap-extended \">\n                    <div class=\"elementor-column elementor-col-33 elementor-top-column elementor-element elementor-element-f4db8e2 ct-column-none col-offset-none\" data-id=\"f4db8e2\" data-element_type=\"column\">\n            <div class=\"elementor-widget-wrap elementor-element-populated\">\n                        \t\t<div class=\"elementor-element elementor-element-eebddb4 elementor-widget elementor-widget-ct_team_info\" data-id=\"eebddb4\" data-element_type=\"widget\" data-widget_type=\"ct_team_info.default\">\n\t\t\t\t<div class=\"elementor-widget-container\">\n\t\t\t<div id=\"ct_team_info-eebddb4\" class=\"ct-team-info\" data-wow-duration=\"1.2s\">\r\n            <div class=\"wp-feature\">\r\n            <img decoding=\"async\" width=\"1500\" height=\"1500\" src=\"https:\/\/dincerraf.com\/en\/wp-content\/uploads\/2022\/06\/DINCER-1500X1500.jpg\" class=\"attachment-full\" alt=\"\" \/>        <\/div>\r\n        <div class=\"wp-meta\">\r\n        <div class=\"inner-meta\">\r\n            <div class=\"wp-title\">\r\n                <h3 class=\"item--title case-animate-time style1 \" data-wow-delay=\"ms\">\r\n                    <span>U\u011fur Din\u00e7er<\/span>                <\/h3>\r\n                                    <div class=\"item--sub-title\">\r\n                        <span>\r\n                            Founder of Din\u00e7er Raf                        <\/span>\r\n                    <\/div>\r\n                            <\/div>\r\n                            <ul class=\"ct-list-info\">\r\n                                            <li>\r\n                            <a href=\"mailto:ugur@dincerraf.com\">                                                                    <span class=\"ct-contact-icon\">\r\n                                        <i aria-hidden=\"true\" class=\"fas fa-envelope\"><\/i>                                                                            <\/span>\r\n                                                                <span class=\"ct-content\">\r\n                                   ugur@dincerraf.com                                <\/span>\r\n                            <\/a>                       <\/li>\r\n                                            <li>\r\n                            <a href=\"www.dincerraf.com\">                                                                    <span class=\"ct-contact-icon\">\r\n                                        <i aria-hidden=\"true\" class=\"fab fa-internet-explorer\"><\/i>                                                                            <\/span>\r\n                                                                <span class=\"ct-content\">\r\n                                   www.dincerraf.com                                <\/span>\r\n                            <\/a>                       <\/li>\r\n                                    <\/ul>\r\n                                        <div class=\"ct-social\">\r\n                                            <div class=\"item--button\">\r\n                            <a href=\"https:\/\/dincerraf.com\/en\/contact\" target=\"_blank\" class=\"btn-contact\">\r\n                                Contact                                <span><i class=\"flaticon-next\"><\/i><\/span>\r\n                            <\/a>\r\n                        <\/div>\r\n                                                                                            <a class=\"ct_team_info-eebddb4-0\" href=\"#\">\r\n                                <i aria-hidden=\"true\" class=\"fab fa-facebook-f\"><\/i>                                                            <\/a>\r\n                                                                                                <a class=\"ct_team_info-eebddb4-1\" href=\"#\">\r\n                                <i aria-hidden=\"true\" class=\"fab fa-twitter\"><\/i>                                                            <\/a>\r\n                                                                                                <a class=\"ct_team_info-eebddb4-2\" href=\"#\">\r\n                                <i aria-hidden=\"true\" class=\"fab fa-youtube\"><\/i>                                                            <\/a>\r\n                                                            <\/div>\r\n                    <\/div>\r\n    <\/div>\r\n<\/div>\t\t<\/div>\n\t\t\t\t<\/div>\n\t\t            <\/div>\n        <\/div>\n                <div class=\"elementor-column elementor-col-66 elementor-top-column elementor-element elementor-element-d34e47a ct-column-none col-offset-none\" data-id=\"d34e47a\" data-element_type=\"column\">\n            <div class=\"elementor-widget-wrap elementor-element-populated\">\n                        \t\t<div class=\"elementor-element elementor-element-e8846ce elementor-widget elementor-widget-ct_heading\" data-id=\"e8846ce\" data-element_type=\"widget\" data-widget_type=\"ct_heading.default\">\n\t\t\t\t<div class=\"elementor-widget-container\">\n\t\t\t<div id=\"ct_heading-e8846ce\" class=\"ct-heading h-align-left item-st-default\">\r\n    <div class=\"heading-wrapper\">\r\n        <div class=\"inner-heading\">\r\n                          \t                <h3 class=\"item--title case-animate-time st-default \" data-wow-delay=\"ms\">\r\n                    <span>Founder&#8217;s Message<\/span>                <\/h3>\r\n        <\/div>\r\n    <\/div>\r\n<\/div>\r\n\t\t<\/div>\n\t\t\t\t<\/div>\n\t\t\t\t<div class=\"elementor-element elementor-element-6f84e6a elementor-widget elementor-widget-ct_text_editor\" data-id=\"6f84e6a\" data-element_type=\"widget\" data-widget_type=\"ct_text_editor.default\">\n\t\t\t\t<div class=\"elementor-widget-container\">\n\t\t\t<div id=\"ct_text_editor-6f84e6a\" class=\"ct-text-editor \" data-wow-delay=\"ms\">\n\t<div class=\"ct-inline-css\"  data-css=\"\n        \t\t\">\n\n    <\/div>\n\t<div class=\"ct-text-editor-inner elementor-clearfix\">\n\t\t<strong>Dear Sir\u2026<\/strong><br><br>\n\nWhile we have been involved in the sector for the design of exhibition and display areas for many years, we always had a formation like Din\u00e7er Raf in our mind. While producing shelf systems for groceries and malls in the retail sector, we have always produced and sold materials. However, design and implementation of the same has been always in our agenda. We have done a lot of work for the matters concerned in miscellaneous organizations.<br><br>\n\nWhile the foundations of Din\u00e7er Raf were laid in 2016, we set two goals in front of us. The first is to be both a manufacturer and a practitioner on the market shelves, and our second goal is to manage the whole process from design to application in store decoration.<br>\n<br>\nWhen we look back in these days when we come to 2022, we see that both of our goals have been achieved. Currently, Din\u00e7er Raf has become an integrated organization with its metal workshop, furniture workshop, paint shop, design team and assembly team.<br><br>\n\n<strong>Our current goal is to produce quality works, to make our customers happy and to hear the words &#8220;So glad I have you Din\u00e7er Raf&#8221; all the time.<\/strong><br><br>\n\nWe hope to work together&#8230;<br><br>\n\nKind Regards<br><br>\n\nU\u011fur Din\u00e7er \/ Founder of Din\u00e7er Raf\t\t\n\t<\/div>\n<\/div>\t\t<\/div>\n\t\t\t\t<\/div>\n\t\t            <\/div>\n        <\/div>\n                            <\/div>\n        <\/section>\n        \t\t\t\t\t<\/div>\n\t\t","protected":false},"excerpt":{"rendered":"<p>U\u011fur Din\u00e7er Founder of Din\u00e7er Raf ugur@dincerraf.com www.dincerraf.com Contact Founder&#8217;s Message Dear Sir\u2026 While we have been involved in the sector for the design of exhibition and display areas for many years, we always had a formation like Din\u00e7er Raf in our mind. While producing shelf systems for groceries and malls in the retail sector, [&hellip;]<\/p>\n","protected":false},"author":1,"featured_media":0,"parent":0,"menu_order":0,"comment_status":"closed","ping_status":"closed","template":"","meta":{"footnotes":""},"class_list":["post-879","page","type-page","status-publish","hentry"],"_links":{"self":[{"href":"https:\/\/dincerraf.com\/en\/wp-json\/wp\/v2\/pages\/879","targetHints":{"allow":["GET"]}}],"collection":[{"href":"https:\/\/dincerraf.com\/en\/wp-json\/wp\/v2\/pages"}],"about":[{"href":"https:\/\/dincerraf.com\/en\/wp-json\/wp\/v2\/types\/page"}],"author":[{"embeddable":true,"href":"https:\/\/dincerraf.com\/en\/wp-json\/wp\/v2\/users\/1"}],"replies":[{"embeddable":true,"href":"https:\/\/dincerraf.com\/en\/wp-json\/wp\/v2\/comments?post=879"}],"version-history":[{"count":20,"href":"https:\/\/dincerraf.com\/en\/wp-json\/wp\/v2\/pages\/879\/revisions"}],"predecessor-version":[{"id":14926,"href":"https:\/\/dincerraf.com\/en\/wp-json\/wp\/v2\/pages\/879\/revisions\/14926"}],"wp:attachment":[{"href":"https:\/\/dincerraf.com\/en\/wp-json\/wp\/v2\/media?parent=879"}],"curies":[{"name":"wp","href":"https:\/\/api.w.org\/{rel}","templated":true}]}}