                                                                                                                {"id":12222,"date":"2022-04-28T07:57:03","date_gmt":"2022-04-28T07:57:03","guid":{"rendered":"https:\/\/demo.casethemes.net\/industo\/?page_id=12222"},"modified":"2022-12-26T13:13:38","modified_gmt":"2022-12-26T13:13:38","slug":"carriere","status":"publish","type":"page","link":"https:\/\/dincerraf.com\/fr\/carriere\/","title":{"rendered":"Carri\u00e8re"},"content":{"rendered":"\t\t<div data-elementor-type=\"wp-page\" data-elementor-id=\"12222\" class=\"elementor elementor-12222\">\n\t\t\t\t\t\t\t        <section class=\"elementor-section elementor-top-section elementor-element elementor-element-10fb02b elementor-section-stretched elementor-section-boxed elementor-section-height-default elementor-section-height-default ct-header-fixed-none ct-column-none ct-row-scroll-none ct-row-gradient--none ct-row-container--default\" data-id=\"10fb02b\" data-element_type=\"section\" data-settings=\"{&quot;stretch_section&quot;:&quot;section-stretched&quot;,&quot;background_background&quot;:&quot;classic&quot;}\">\n            \n                        <div class=\"elementor-container elementor-column-gap-extended \">\n                    <div class=\"elementor-column elementor-col-50 elementor-top-column elementor-element elementor-element-c727d2d ct-column-none col-offset-none\" data-id=\"c727d2d\" data-element_type=\"column\">\n            <div class=\"elementor-widget-wrap elementor-element-populated\">\n                        \t\t<div class=\"elementor-element elementor-element-d40d66c elementor-widget elementor-widget-ct_contact_form\" data-id=\"d40d66c\" data-element_type=\"widget\" data-widget_type=\"ct_contact_form.default\">\n\t\t\t\t<div class=\"elementor-widget-container\">\n\t\t\t    <div class=\"ct-contact-form ct-contact-form-layout1 style2 \">\r\n        <div class=\"inner-layout\" >\r\n                            <div class=\"ct-contact-meta\">\r\n                                            <h4 class=\"ct-meta--title\"><span>Planifiez votre carri\u00e8re avec Din\u00e7er Raf<\/span><\/h4>\r\n                                                        <\/div>\r\n                        <div class=\"ct-contact-form\">\r\n                <div role=\"form\" class=\"wpcf7\" id=\"wpcf7-f832-o1\" lang=\"en-US\" dir=\"ltr\">\n<div class=\"screen-reader-response\"><p role=\"status\" aria-live=\"polite\" aria-atomic=\"true\"><\/p> <ul><\/ul><\/div>\n<form action=\"\/fr\/wp-json\/wp\/v2\/pages\/12222#wpcf7-f832-o1\" method=\"post\" class=\"wpcf7-form init\" novalidate=\"novalidate\" data-status=\"init\">\n<div style=\"display: none;\">\n<input type=\"hidden\" name=\"_wpcf7\" value=\"832\" \/>\n<input type=\"hidden\" name=\"_wpcf7_version\" value=\"5.6.4\" \/>\n<input type=\"hidden\" name=\"_wpcf7_locale\" value=\"en_US\" \/>\n<input type=\"hidden\" name=\"_wpcf7_unit_tag\" value=\"wpcf7-f832-o1\" \/>\n<input type=\"hidden\" name=\"_wpcf7_container_post\" value=\"0\" \/>\n<input type=\"hidden\" name=\"_wpcf7_posted_data_hash\" value=\"\" \/>\n<\/div>\n<div class=\"wp-row-ctf7\">\n<div class=\"row\">\n<div class=\"col-lg-6 col-md-6\">\n<div class=\"input-filled\">\n                <span class=\"wpcf7-form-control-wrap\" data-name=\"your-name\"><input type=\"text\" name=\"your-name\" value=\"\" size=\"40\" class=\"wpcf7-form-control wpcf7-text wpcf7-validates-as-required\" aria-required=\"true\" aria-invalid=\"false\" placeholder=\"Pr\u00e9nom et Nom\" \/><\/span>\n            <\/div>\n<\/div>\n<div class=\"col-lg-6 col-md-6\">\n<div class=\"input-filled\">\n                <span class=\"wpcf7-form-control-wrap\" data-name=\"your-email\"><input type=\"email\" name=\"your-email\" value=\"\" size=\"40\" class=\"wpcf7-form-control wpcf7-text wpcf7-email wpcf7-validates-as-required wpcf7-validates-as-email\" aria-required=\"true\" aria-invalid=\"false\" placeholder=\"E-mail\" \/><\/span>\n            <\/div>\n<\/div>\n<div class=\"col-lg-6 col-md-6\">\n<div class=\"input-filled\">\n                <span class=\"wpcf7-form-control-wrap\" data-name=\"your-phone\"><input type=\"text\" name=\"your-phone\" value=\"\" size=\"40\" class=\"wpcf7-form-control wpcf7-text wpcf7-validates-as-required\" aria-required=\"true\" aria-invalid=\"false\" placeholder=\"T\u00e9l\u00e9phone\" \/><\/span>\n            <\/div>\n<\/div>\n<div class=\"col-lg-6 col-md-6\">\n<div class=\"input-filled\">\n                <span class=\"wpcf7-form-control-wrap\" data-name=\"your-subject\"><input type=\"text\" name=\"your-subject\" value=\"\" size=\"40\" class=\"wpcf7-form-control wpcf7-text wpcf7-validates-as-required\" aria-required=\"true\" aria-invalid=\"false\" placeholder=\"Poste pour lequel vous souhaitez postuler\" \/><\/span>\n            <\/div>\n<\/div>\n<div class=\"col-lg-12\">\n<div class=\"input-filled\">\n                <span class=\"wpcf7-form-control-wrap\" data-name=\"your-message\"><textarea name=\"your-message\" cols=\"40\" rows=\"10\" class=\"wpcf7-form-control wpcf7-textarea\" aria-invalid=\"false\" placeholder=\"Votre message\"><\/textarea><\/span>\n            <\/div>\n<\/div>\n<div class=\"col-lg-12\">\n<div class=\"input-filled input-filled-btn\">\n                <input type=\"submit\" value=\"Validez\" class=\"wpcf7-form-control has-spinner wpcf7-submit\" \/>\n            <\/div>\n<\/div>\n<\/div>\n<\/div>\n<div class=\"wpcf7-response-output\" aria-hidden=\"true\"><\/div><\/form><\/div>            <\/div>\r\n        <\/div>\r\n    <\/div>\r\n\t\t<\/div>\n\t\t\t\t<\/div>\n\t\t            <\/div>\n        <\/div>\n                <div class=\"elementor-column elementor-col-50 elementor-top-column elementor-element elementor-element-009f6c6 ct-column-none col-offset-none\" data-id=\"009f6c6\" data-element_type=\"column\">\n            <div class=\"elementor-widget-wrap elementor-element-populated\">\n                        \t\t<div class=\"elementor-element elementor-element-ebe5562 elementor-widget elementor-widget-ct_accordion\" data-id=\"ebe5562\" data-element_type=\"widget\" data-widget_type=\"ct_accordion.default\">\n\t\t\t\t<div class=\"elementor-widget-container\">\n\t\t\t    <div id=\"ct_accordion-ebe5562\" class=\"ct-accordion ct-accordion1 style1 \" data-wow-duration=\"1.2s\">\r\n                <div class=\"inner-layout\">\r\n                            <div class=\"ct-accordion-item active\">\r\n                    <div class=\"ct-ac-title active\" data-target=\"#0d7adbcct_accordion-ebe5562\">\r\n                        <a class=\"ct-ac-title-text\">Carri\u00e8re                            <i class=\"ct-accordion-icon-plus\"><\/i>\r\n                        <\/a>\r\n                    <\/div>\r\n                    <div id=\"0d7adbcct_accordion-ebe5562\" class=\"ct-ac-content\" style=\"display:block;\">L'un des points forts de notre entreprise est la valeur qu'elle accorde aux personnes. Il donne la priorit\u00e9 \u00e0 la satisfaction des employ\u00e9s dans tous les domaines, de la formation aux syst\u00e8mes de r\u00e9mun\u00e9ration et de r\u00e9compense, des opportunit\u00e9s sociales qu'il offre \u00e0 un environnement de travail agr\u00e9able.<br \/>\n<br \/>\nEn tant que ressources humaines, nous \u00e9valuons nos candidats sur la base des \"qualifications\" requises par le poste auquel ils postulent, ainsi que des \"comp\u00e9tences\" requises par ce poste. Alors que l'\u00e9ducation que vous avez re\u00e7ue, les langues \u00e9trang\u00e8res que vous avez apprises et votre exp\u00e9rience professionnelle ant\u00e9rieure dans des postes similaires sont vos \"qualifications\" ; les caract\u00e9ristiques de la personnalit\u00e9 comme le leadership, l'esprit d'analyse, l'esprit d'\u00e9quipe, l'orientation vers les r\u00e9sultats, etc. constituent \u00e9galement les crit\u00e8res de \"comp\u00e9tence\" de notre entreprise.<br \/>\n<br \/>\nLes comp\u00e9tences les plus importantes que nous priorisons dans nos crit\u00e8res de recrutement et que nous appliquons \u00e0 tous les postes sont le dynamisme, gagner en tant que chef d'\u00e9quipe et joueur d'\u00e9quipe et obtenir des r\u00e9sultats positifs.<br \/>\n<br \/>\nEn tant que Din\u00e7er Raf, nous consid\u00e9rons la d\u00e9termination de nos employ\u00e9s \u00e0 r\u00e9ussir comme un symbole de notre puissance d'entreprise. Si vous croyez que vous pouvez faire une diff\u00e9rence et que vous souhaitez faire partie de notre \u00e9quipe, contactez-nous.<\/div>\r\n                <\/div>\r\n                            <div class=\"ct-accordion-item \">\r\n                    <div class=\"ct-ac-title \" data-target=\"#a5f2937ct_accordion-ebe5562\">\r\n                        <a class=\"ct-ac-title-text\">Notre Politique RH                            <i class=\"ct-accordion-icon-plus\"><\/i>\r\n                        <\/a>\r\n                    <\/div>\r\n                    <div id=\"a5f2937ct_accordion-ebe5562\" class=\"ct-ac-content\">L'un des points forts de Din\u00e7er Raf est la valeur qu'elle accorde aux personnes. Il donne la priorit\u00e9 \u00e0 la satisfaction des employ\u00e9s dans tous les domaines, de la formation aux syst\u00e8mes de r\u00e9mun\u00e9ration et de r\u00e9compense, des opportunit\u00e9s sociales qu'il offre \u00e0 un environnement de travail agr\u00e9able.<br \/>\n<br \/>\nEn tant que ressources humaines, nous \u00e9valuons nos candidats sur la base des \"qualifications\" requises par le poste auquel ils postulent, ainsi que des \"comp\u00e9tences\" requises par ce poste. Alors que l'\u00e9ducation que vous avez re\u00e7ue, les langues \u00e9trang\u00e8res que vous avez apprises et votre exp\u00e9rience professionnelle ant\u00e9rieure dans des postes similaires sont vos \"qualifications\" ; les caract\u00e9ristiques de la personnalit\u00e9 comme le leadership, l'esprit d'analyse, l'esprit d'\u00e9quipe, l'orientation vers les r\u00e9sultats, etc. constituent \u00e9galement les crit\u00e8res de \"comp\u00e9tence\" de notre entreprise.<br \/>\n<br \/>\nLes comp\u00e9tences les plus importantes que nous priorisons dans nos crit\u00e8res de recrutement et que nous appliquons \u00e0 tous les postes sont le dynamisme, gagner en tant que chef d'\u00e9quipe et joueur d'\u00e9quipe et obtenir des r\u00e9sultats positifs.<br \/>\n<br \/>\nEn tant que Din\u00e7er Raf, nous consid\u00e9rons la d\u00e9termination de nos employ\u00e9s \u00e0 r\u00e9ussir comme un symbole de notre puissance d'entreprise. Si vous croyez que vous pouvez faire une diff\u00e9rence et que vous souhaitez faire partie de notre \u00e9quipe, contactez-nous.<\/div>\r\n                <\/div>\r\n                    <\/div>\r\n    <\/div>\r\n\t\t<\/div>\n\t\t\t\t<\/div>\n\t\t            <\/div>\n        <\/div>\n                            <\/div>\n        <\/section>\n        \t\t\t\t\t<\/div>\n\t\t","protected":false},"excerpt":{"rendered":"<p>Planifiez votre carri\u00e8re avec Din\u00e7er Raf Carri\u00e8re L&#8217;un des points forts de notre entreprise est la valeur qu&#8217;elle accorde aux personnes. Il donne la priorit\u00e9 \u00e0 la satisfaction des employ\u00e9s dans tous les domaines, de la formation aux syst\u00e8mes de r\u00e9mun\u00e9ration et de r\u00e9compense, des opportunit\u00e9s sociales qu&#8217;il offre \u00e0 un environnement de travail agr\u00e9able. [&hellip;]<\/p>\n","protected":false},"author":1,"featured_media":0,"parent":0,"menu_order":0,"comment_status":"closed","ping_status":"closed","template":"","meta":{"footnotes":""},"class_list":["post-12222","page","type-page","status-publish","hentry"],"_links":{"self":[{"href":"https:\/\/dincerraf.com\/fr\/wp-json\/wp\/v2\/pages\/12222","targetHints":{"allow":["GET"]}}],"collection":[{"href":"https:\/\/dincerraf.com\/fr\/wp-json\/wp\/v2\/pages"}],"about":[{"href":"https:\/\/dincerraf.com\/fr\/wp-json\/wp\/v2\/types\/page"}],"author":[{"embeddable":true,"href":"https:\/\/dincerraf.com\/fr\/wp-json\/wp\/v2\/users\/1"}],"replies":[{"embeddable":true,"href":"https:\/\/dincerraf.com\/fr\/wp-json\/wp\/v2\/comments?post=12222"}],"version-history":[{"count":8,"href":"https:\/\/dincerraf.com\/fr\/wp-json\/wp\/v2\/pages\/12222\/revisions"}],"predecessor-version":[{"id":14955,"href":"https:\/\/dincerraf.com\/fr\/wp-json\/wp\/v2\/pages\/12222\/revisions\/14955"}],"wp:attachment":[{"href":"https:\/\/dincerraf.com\/fr\/wp-json\/wp\/v2\/media?parent=12222"}],"curies":[{"name":"wp","href":"https:\/\/api.w.org\/{rel}","templated":true}]}}