                                                                                                                {"id":13961,"date":"2022-06-22T20:48:30","date_gmt":"2022-06-22T20:48:30","guid":{"rendered":"https:\/\/dincer.proje99.com\/?page_id=13961"},"modified":"2024-04-25T10:16:25","modified_gmt":"2024-04-25T10:16:25","slug":"decoration-de-magasin-de-cosmetiques-et-parfumerie","status":"publish","type":"page","link":"https:\/\/dincerraf.com\/fr\/decoration-de-magasin-de-cosmetiques-et-parfumerie\/","title":{"rendered":"D\u00e9coration de Magasin de cosm\u00e9tiques et Parfumerie"},"content":{"rendered":"\t\t<div data-elementor-type=\"wp-page\" data-elementor-id=\"13961\" class=\"elementor elementor-13961\">\n\t\t\t\t\t\t\t        <section class=\"elementor-section elementor-top-section elementor-element elementor-element-2e69f6e5 elementor-section-stretched elementor-section-boxed elementor-section-height-default elementor-section-height-default ct-header-fixed-none ct-column-none ct-row-scroll-none ct-row-gradient--none ct-row-container--default\" data-id=\"2e69f6e5\" data-element_type=\"section\" data-settings=\"{&quot;stretch_section&quot;:&quot;section-stretched&quot;}\">\n            \n                        <div class=\"elementor-container elementor-column-gap-extended \">\n                    <div class=\"elementor-column elementor-col-66 elementor-top-column elementor-element elementor-element-54202fa9 ct-column-none col-offset-none\" data-id=\"54202fa9\" data-element_type=\"column\">\n            <div class=\"elementor-widget-wrap elementor-element-populated\">\n                        \t\t<div class=\"elementor-element elementor-element-5955864d elementor-arrows-position-inside elementor-pagination-position-outside elementor-widget elementor-widget-image-carousel\" data-id=\"5955864d\" data-element_type=\"widget\" data-settings=\"{&quot;slides_to_show&quot;:&quot;1&quot;,&quot;navigation&quot;:&quot;both&quot;,&quot;autoplay&quot;:&quot;yes&quot;,&quot;pause_on_hover&quot;:&quot;yes&quot;,&quot;pause_on_interaction&quot;:&quot;yes&quot;,&quot;autoplay_speed&quot;:5000,&quot;infinite&quot;:&quot;yes&quot;,&quot;effect&quot;:&quot;slide&quot;,&quot;speed&quot;:500}\" data-widget_type=\"image-carousel.default\">\n\t\t\t\t<div class=\"elementor-widget-container\">\n\t\t\t<style>\/*! elementor - v3.6.5 - 27-04-2022 *\/\n.elementor-widget-image-carousel .swiper-container{position:static}.elementor-widget-image-carousel .swiper-container .swiper-slide figure{line-height:inherit}.elementor-widget-image-carousel .swiper-slide{text-align:center}.elementor-image-carousel-wrapper:not(.swiper-container-initialized) .swiper-slide{max-width:calc(100% \/ var(--e-image-carousel-slides-to-show, 3))}<\/style>\t\t<div class=\"elementor-image-carousel-wrapper swiper-container\" dir=\"ltr\">\n\t\t\t<div class=\"elementor-image-carousel swiper-wrapper\">\n\t\t\t\t\t\t\t\t<div class=\"swiper-slide\"><figure class=\"swiper-slide-inner\"><img decoding=\"async\" class=\"swiper-slide-image\" src=\"https:\/\/dincerraf.com\/fr\/wp-content\/uploads\/2022\/06\/kozmetikmagazadekorasyonu3.jpg\" alt=\"kozmetikmagazadekorasyonu3\" \/><\/figure><\/div><div class=\"swiper-slide\"><figure class=\"swiper-slide-inner\"><img decoding=\"async\" class=\"swiper-slide-image\" src=\"https:\/\/dincerraf.com\/fr\/wp-content\/uploads\/2022\/06\/kozmetikmagazadekorasyonu.jpg\" alt=\"kozmetikmagazadekorasyonu\" \/><\/figure><\/div><div class=\"swiper-slide\"><figure class=\"swiper-slide-inner\"><img decoding=\"async\" class=\"swiper-slide-image\" src=\"https:\/\/dincerraf.com\/fr\/wp-content\/uploads\/2022\/06\/kozmetikmagazadekorasyonu4.jpg\" alt=\"kozmetikmagazadekorasyonu4\" \/><\/figure><\/div><div class=\"swiper-slide\"><figure class=\"swiper-slide-inner\"><img decoding=\"async\" class=\"swiper-slide-image\" src=\"https:\/\/dincerraf.com\/fr\/wp-content\/uploads\/2022\/06\/kozmetikmagazadekorasyonu5.jpg\" alt=\"kozmetikmagazadekorasyonu5\" \/><\/figure><\/div><div class=\"swiper-slide\"><figure class=\"swiper-slide-inner\"><img decoding=\"async\" class=\"swiper-slide-image\" src=\"https:\/\/dincerraf.com\/fr\/wp-content\/uploads\/2022\/06\/kozmetikmagazadekorasyonu6.jpg\" alt=\"kozmetikmagazadekorasyonu6\" \/><\/figure><\/div><div class=\"swiper-slide\"><figure class=\"swiper-slide-inner\"><img decoding=\"async\" class=\"swiper-slide-image\" src=\"https:\/\/dincerraf.com\/fr\/wp-content\/uploads\/2022\/06\/kozmetikmagazadekorasyonu7.jpg\" alt=\"kozmetikmagazadekorasyonu7\" \/><\/figure><\/div><div class=\"swiper-slide\"><figure class=\"swiper-slide-inner\"><img decoding=\"async\" class=\"swiper-slide-image\" src=\"https:\/\/dincerraf.com\/fr\/wp-content\/uploads\/2022\/06\/kozmetikmagazadekorasyonu8.jpg\" alt=\"kozmetikmagazadekorasyonu8\" \/><\/figure><\/div><div class=\"swiper-slide\"><figure class=\"swiper-slide-inner\"><img decoding=\"async\" class=\"swiper-slide-image\" src=\"https:\/\/dincerraf.com\/fr\/wp-content\/uploads\/2022\/06\/tekstilgiyimmagazadekorasyonu15.jpg\" alt=\"tekstilgiyimmagazadekorasyonu15\" \/><\/figure><\/div>\t\t\t<\/div>\n\t\t\t\t\t\t\t\t\t\t\t\t<div class=\"swiper-pagination\"><\/div>\n\t\t\t\t\t\t\t\t\t\t\t\t\t<div class=\"elementor-swiper-button elementor-swiper-button-prev\">\n\t\t\t\t\t\t<i aria-hidden=\"true\" class=\"eicon-chevron-left\"><\/i>\t\t\t\t\t\t<span class=\"elementor-screen-only\">Pr\u00e9c\u00e9dent<\/span>\n\t\t\t\t\t<\/div>\n\t\t\t\t\t<div class=\"elementor-swiper-button elementor-swiper-button-next\">\n\t\t\t\t\t\t<i aria-hidden=\"true\" class=\"eicon-chevron-right\"><\/i>\t\t\t\t\t\t<span class=\"elementor-screen-only\">Suivant<\/span>\n\t\t\t\t\t<\/div>\n\t\t\t\t\t\t\t\t\t<\/div>\n\t\t\t\t<\/div>\n\t\t\t\t<\/div>\n\t\t\t\t<div class=\"elementor-element elementor-element-6726e527 elementor-widget elementor-widget-ct_text_editor\" data-id=\"6726e527\" data-element_type=\"widget\" data-widget_type=\"ct_text_editor.default\">\n\t\t\t\t<div class=\"elementor-widget-container\">\n\t\t\t<div id=\"ct_text_editor-6726e527\" class=\"ct-text-editor \" data-wow-delay=\"ms\">\n\t<div class=\"ct-inline-css\"  data-css=\"\n        \t\t\">\n\n    <\/div>\n\t<div class=\"ct-text-editor-inner elementor-clearfix\">\n\t\t<section>\n<h4><strong>D\u00e9coration de Magasin de cosm\u00e9tiques et Parfumerie<\/strong><\/h4>\nComme son nom l&#8217;indique, l&#8217;industrie cosm\u00e9tique est une entreprise qui propose des produits d&#8217;embellissement, de beaut\u00e9 et de parfum. Les d\u00e9corations des magasins qui vendent des produits beaux et parfum\u00e9s doivent \u00e9galement \u00eatre attrayantes, impressionnantes et \u00e9l\u00e9gantes.\n\nDin\u00e7er Raf produit le design de ses \u0153uvres de d\u00e9coration de magasins de cosm\u00e9tiques et de parfumerie avec cette conscience. La conception des magasins de cosm\u00e9tiques et des magasins de parfumerie doivent permettre aux clients de se sentir \u00e0 l&#8217;aise dans le magasin et de se concentrer sur les produits.\n\n<\/section>\t\t\n\t<\/div>\n<\/div>\t\t<\/div>\n\t\t\t\t<\/div>\n\t\t        <section class=\"elementor-section elementor-inner-section elementor-element elementor-element-45e5e7bb elementor-section-boxed elementor-section-height-default elementor-section-height-default ct-header-fixed-none ct-column-none ct-row-scroll-none ct-row-gradient--none ct-row-container--default\" data-id=\"45e5e7bb\" data-element_type=\"section\">\n            \n                        <div class=\"elementor-container elementor-column-gap-extended \">\n                    <div class=\"elementor-column elementor-col-50 elementor-inner-column elementor-element elementor-element-177ce12d ct-column-none col-offset-none\" data-id=\"177ce12d\" data-element_type=\"column\">\n            <div class=\"elementor-widget-wrap elementor-element-populated\">\n                        \t\t<div class=\"elementor-element elementor-element-58d16693 elementor-widget elementor-widget-ct_list\" data-id=\"58d16693\" data-element_type=\"widget\" data-widget_type=\"ct_list.default\">\n\t\t\t\t<div class=\"elementor-widget-container\">\n\t\t\t    <div class=\"ct-list block\">\r\n                    <div class=\"ct-list-item \">\r\n                                    <div class=\"ct-list-icon\">\r\n                        <i aria-hidden=\"true\" class=\"far fa-check-circle\"><\/i>                    <\/div>\r\n                            \t<div class=\"ct-list-content\">\r\n                    \t            \t  Etude Gratuite                    \t            <\/div>\r\n           <\/div>\r\n                    <div class=\"ct-list-item \">\r\n                                    <div class=\"ct-list-icon\">\r\n                        <i aria-hidden=\"true\" class=\"far fa-check-circle\"><\/i>                    <\/div>\r\n                            \t<div class=\"ct-list-content\">\r\n                    \t            \t  Conception de Projet Gratuite                    \t            <\/div>\r\n           <\/div>\r\n                    <div class=\"ct-list-item \">\r\n                                    <div class=\"ct-list-icon\">\r\n                        <i aria-hidden=\"true\" class=\"far fa-check-circle\"><\/i>                    <\/div>\r\n                            \t<div class=\"ct-list-content\">\r\n                    \t            \t  Conception 3D                    \t            <\/div>\r\n           <\/div>\r\n            <\/div>\r\n\t\t<\/div>\n\t\t\t\t<\/div>\n\t\t            <\/div>\n        <\/div>\n                <div class=\"elementor-column elementor-col-50 elementor-inner-column elementor-element elementor-element-21d9a6d6 ct-column-none col-offset-none\" data-id=\"21d9a6d6\" data-element_type=\"column\">\n            <div class=\"elementor-widget-wrap elementor-element-populated\">\n                        \t\t<div class=\"elementor-element elementor-element-dbef575 elementor-widget elementor-widget-ct_list\" data-id=\"dbef575\" data-element_type=\"widget\" data-widget_type=\"ct_list.default\">\n\t\t\t\t<div class=\"elementor-widget-container\">\n\t\t\t    <div class=\"ct-list block\">\r\n                    <div class=\"ct-list-item \">\r\n                                    <div class=\"ct-list-icon\">\r\n                        <i aria-hidden=\"true\" class=\"far fa-check-circle\"><\/i>                    <\/div>\r\n                            \t<div class=\"ct-list-content\">\r\n                    \t            \t  Fabrication de Mat\u00e9riel                    \t            <\/div>\r\n           <\/div>\r\n                    <div class=\"ct-list-item \">\r\n                                    <div class=\"ct-list-icon\">\r\n                        <i aria-hidden=\"true\" class=\"far fa-check-circle\"><\/i>                    <\/div>\r\n                            \t<div class=\"ct-list-content\">\r\n                    \t            \t  Installation \u2013 Application                    \t            <\/div>\r\n           <\/div>\r\n                    <div class=\"ct-list-item \">\r\n                                    <div class=\"ct-list-icon\">\r\n                        <i aria-hidden=\"true\" class=\"far fa-check-circle\"><\/i>                    <\/div>\r\n                            \t<div class=\"ct-list-content\">\r\n                    \t            \t  2 Ans de Service Gratuit                    \t            <\/div>\r\n           <\/div>\r\n            <\/div>\r\n\t\t<\/div>\n\t\t\t\t<\/div>\n\t\t            <\/div>\n        <\/div>\n                            <\/div>\n        <\/section>\n        \t\t<div class=\"elementor-element elementor-element-6d6aff3b elementor-widget elementor-widget-ct_text_editor\" data-id=\"6d6aff3b\" data-element_type=\"widget\" data-widget_type=\"ct_text_editor.default\">\n\t\t\t\t<div class=\"elementor-widget-container\">\n\t\t\t<div id=\"ct_text_editor-6d6aff3b\" class=\"ct-text-editor \" data-wow-delay=\"ms\">\n\t<div class=\"ct-inline-css\"  data-css=\"\n        \t\t\">\n\n    <\/div>\n\t<div class=\"ct-text-editor-inner elementor-clearfix\">\n\t\t<strong> Appelez-nous d\u00e8s maintenant au 0 532 151 04 77<\/strong> et concevons ensemble la d\u00e9coration de votre parfumerie.\t\t\n\t<\/div>\n<\/div>\t\t<\/div>\n\t\t\t\t<\/div>\n\t\t\t\t<div class=\"elementor-element elementor-element-2ea962a elementor-icon-list--layout-traditional elementor-list-item-link-full_width elementor-widget elementor-widget-icon-list\" data-id=\"2ea962a\" data-element_type=\"widget\" data-widget_type=\"icon-list.default\">\n\t\t\t\t<div class=\"elementor-widget-container\">\n\t\t\t<link rel=\"stylesheet\" href=\"https:\/\/dincerraf.com\/wp-content\/plugins\/elementor\/assets\/css\/widget-icon-list.min.css\">\t\t<ul class=\"elementor-icon-list-items\">\n\t\t\t\t\t\t\t<li class=\"elementor-icon-list-item\">\n\t\t\t\t\t\t\t\t\t\t\t<a href=\"https:\/\/dincerraf.com\/fr\/decoration-de-magasin-de-cosmetiques-et-perfumerie\/\">\n\n\t\t\t\t\t\t\t\t\t\t\t\t<span class=\"elementor-icon-list-icon\">\n\t\t\t\t\t\t\t<i aria-hidden=\"true\" class=\"fas fa-check\"><\/i>\t\t\t\t\t\t<\/span>\n\t\t\t\t\t\t\t\t\t\t<span class=\"elementor-icon-list-text\">D\u00e9coration de Magasin de cosm\u00e9tiques et Parfumerie<\/span>\n\t\t\t\t\t\t\t\t\t\t\t<\/a>\n\t\t\t\t\t\t\t\t\t<\/li>\n\t\t\t\t\t\t<\/ul>\n\t\t\t\t<\/div>\n\t\t\t\t<\/div>\n\t\t\t\t<div class=\"elementor-element elementor-element-c3917e2 elementor-widget-divider--view-line elementor-widget elementor-widget-divider\" data-id=\"c3917e2\" data-element_type=\"widget\" data-widget_type=\"divider.default\">\n\t\t\t\t<div class=\"elementor-widget-container\">\n\t\t\t<style>\/*! elementor - v3.6.5 - 27-04-2022 *\/\n.elementor-widget-divider{--divider-border-style:none;--divider-border-width:1px;--divider-color:#2c2c2c;--divider-icon-size:20px;--divider-element-spacing:10px;--divider-pattern-height:24px;--divider-pattern-size:20px;--divider-pattern-url:none;--divider-pattern-repeat:repeat-x}.elementor-widget-divider .elementor-divider{display:-webkit-box;display:-ms-flexbox;display:flex}.elementor-widget-divider .elementor-divider__text{font-size:15px;line-height:1;max-width:95%}.elementor-widget-divider .elementor-divider__element{margin:0 var(--divider-element-spacing);-ms-flex-negative:0;flex-shrink:0}.elementor-widget-divider .elementor-icon{font-size:var(--divider-icon-size)}.elementor-widget-divider .elementor-divider-separator{display:-webkit-box;display:-ms-flexbox;display:flex;margin:0;direction:ltr}.elementor-widget-divider--view-line_icon .elementor-divider-separator,.elementor-widget-divider--view-line_text .elementor-divider-separator{-webkit-box-align:center;-ms-flex-align:center;align-items:center}.elementor-widget-divider--view-line_icon .elementor-divider-separator:after,.elementor-widget-divider--view-line_icon .elementor-divider-separator:before,.elementor-widget-divider--view-line_text .elementor-divider-separator:after,.elementor-widget-divider--view-line_text .elementor-divider-separator:before{display:block;content:\"\";border-bottom:0;-webkit-box-flex:1;-ms-flex-positive:1;flex-grow:1;border-top:var(--divider-border-width) var(--divider-border-style) var(--divider-color)}.elementor-widget-divider--element-align-left .elementor-divider .elementor-divider-separator>.elementor-divider__svg:first-of-type{-webkit-box-flex:0;-ms-flex-positive:0;flex-grow:0;-ms-flex-negative:100;flex-shrink:100}.elementor-widget-divider--element-align-left .elementor-divider-separator:before{content:none}.elementor-widget-divider--element-align-left .elementor-divider__element{margin-left:0}.elementor-widget-divider--element-align-right .elementor-divider .elementor-divider-separator>.elementor-divider__svg:last-of-type{-webkit-box-flex:0;-ms-flex-positive:0;flex-grow:0;-ms-flex-negative:100;flex-shrink:100}.elementor-widget-divider--element-align-right .elementor-divider-separator:after{content:none}.elementor-widget-divider--element-align-right .elementor-divider__element{margin-right:0}.elementor-widget-divider:not(.elementor-widget-divider--view-line_text):not(.elementor-widget-divider--view-line_icon) .elementor-divider-separator{border-top:var(--divider-border-width) var(--divider-border-style) var(--divider-color)}.elementor-widget-divider--separator-type-pattern{--divider-border-style:none}.elementor-widget-divider--separator-type-pattern.elementor-widget-divider--view-line .elementor-divider-separator,.elementor-widget-divider--separator-type-pattern:not(.elementor-widget-divider--view-line) .elementor-divider-separator:after,.elementor-widget-divider--separator-type-pattern:not(.elementor-widget-divider--view-line) .elementor-divider-separator:before,.elementor-widget-divider--separator-type-pattern:not([class*=elementor-widget-divider--view]) .elementor-divider-separator{width:100%;min-height:var(--divider-pattern-height);-webkit-mask-size:var(--divider-pattern-size) 100%;mask-size:var(--divider-pattern-size) 100%;-webkit-mask-repeat:var(--divider-pattern-repeat);mask-repeat:var(--divider-pattern-repeat);background-color:var(--divider-color);-webkit-mask-image:var(--divider-pattern-url);mask-image:var(--divider-pattern-url)}.elementor-widget-divider--no-spacing{--divider-pattern-size:auto}.elementor-widget-divider--bg-round{--divider-pattern-repeat:round}.rtl .elementor-widget-divider .elementor-divider__text{direction:rtl}<\/style>\t\t<div class=\"elementor-divider\">\n\t\t\t<span class=\"elementor-divider-separator\">\n\t\t\t\t\t\t<\/span>\n\t\t<\/div>\n\t\t\t\t<\/div>\n\t\t\t\t<\/div>\n\t\t            <\/div>\n        <\/div>\n                <div class=\"elementor-column elementor-col-33 elementor-top-column elementor-element elementor-element-7a09a5d8 ct-column-none col-offset-none\" data-id=\"7a09a5d8\" data-element_type=\"column\">\n            <div class=\"elementor-widget-wrap elementor-element-populated\">\n                        \t\t<div class=\"elementor-element elementor-element-26f3b3a elementor-widget elementor-widget-ct_download\" data-id=\"26f3b3a\" data-element_type=\"widget\" data-widget_type=\"ct_download.default\">\n\t\t\t\t<div class=\"elementor-widget-container\">\n\t\t\t    <div class=\"ct-download layout2 box-nomarl wow fadeInLeft\">\r\n                            <div class=\"item--download\">\r\n            \t<a href=\"https:\/\/dincerraf.com\/fr\/decoration-de-magasin-de-chaussures\/\">\r\n\t            \tD\u00e9coration de Magasin de Chaussures\t            \t\t            \t\t\t\t\t        <span class=\"ct-contact-icon\">\r\n\t\t\t                <i aria-hidden=\"true\" class=\"flaticon flaticon-quality\"><\/i>\t\t\t                \t\t\t\t        <\/span>\r\n\t\t\t\t    \t                \t            <\/a>\r\n           <\/div>\r\n                    <div class=\"item--download\">\r\n            \t<a href=\"https:\/\/dincerraf.com\/fr\/decoration-de-bijouterie\/\">\r\n\t            \tD\u00e9coration de Bijouterie\t            \t\t            \t\t\t\t\t        <span class=\"ct-contact-icon\">\r\n\t\t\t                <i aria-hidden=\"true\" class=\"flaticon flaticon-quality\"><\/i>\t\t\t                \t\t\t\t        <\/span>\r\n\t\t\t\t    \t                \t            <\/a>\r\n           <\/div>\r\n                    <div class=\"item--download\">\r\n            \t<a href=\"https:\/\/dincerraf.com\/fr\/decoration-de-pharmacie\/\">\r\n\t            \tD\u00e9coration de Pharmacie\t            \t\t            \t\t\t\t\t        <span class=\"ct-contact-icon\">\r\n\t\t\t                <i aria-hidden=\"true\" class=\"flaticon flaticon-quality\"><\/i>\t\t\t                \t\t\t\t        <\/span>\r\n\t\t\t\t    \t                \t            <\/a>\r\n           <\/div>\r\n                    <div class=\"item--download\">\r\n            \t<a href=\"https:\/\/dincerraf.com\/fr\/decoration-de-magasin-de-sous-vetements\/\">\r\n\t            \tD\u00e9coration de Magasin de Sous-V\u00eatements\t            \t\t            \t\t\t\t\t        <span class=\"ct-contact-icon\">\r\n\t\t\t                <i aria-hidden=\"true\" class=\"flaticon flaticon-quality\"><\/i>\t\t\t                \t\t\t\t        <\/span>\r\n\t\t\t\t    \t                \t            <\/a>\r\n           <\/div>\r\n                    <div class=\"item--download\">\r\n            \t<a href=\"https:\/\/dincerraf.com\/fr\/decoration-de-magasin-de-cosmetiques-et-parfumerie\/\">\r\n\t            \tD\u00e9coration de Magasin de cosm\u00e9tiques et Parfumerie\t            \t\t            \t\t\t\t\t        <span class=\"ct-contact-icon\">\r\n\t\t\t                <i aria-hidden=\"true\" class=\"flaticon flaticon-quality\"><\/i>\t\t\t                \t\t\t\t        <\/span>\r\n\t\t\t\t    \t                \t            <\/a>\r\n           <\/div>\r\n                    <div class=\"item--download\">\r\n            \t<a href=\"https:\/\/dincerraf.com\/fr\/decoration-de-supermarche\/\">\r\n\t            \tDecoration de Supermarch\u00e9\t            \t\t            \t\t\t\t\t        <span class=\"ct-contact-icon\">\r\n\t\t\t                <i aria-hidden=\"true\" class=\"flaticon flaticon-quality\"><\/i>\t\t\t                \t\t\t\t        <\/span>\r\n\t\t\t\t    \t                \t            <\/a>\r\n           <\/div>\r\n                    <div class=\"item--download\">\r\n            \t<a href=\"https:\/\/dincerraf.com\/fr\/decoration-de-magasin-de-textile-et-de-vetements\/\">\r\n\t            \tD\u00e9coration de Magasin de Textile et de V\u00eatements\t            \t\t            \t\t\t\t\t        <span class=\"ct-contact-icon\">\r\n\t\t\t                <i aria-hidden=\"true\" class=\"flaticon flaticon-quality\"><\/i>\t\t\t                \t\t\t\t        <\/span>\r\n\t\t\t\t    \t                \t            <\/a>\r\n           <\/div>\r\n                    <div class=\"item--download\">\r\n            \t<a href=\"https:\/\/dincerraf.com\/fr\/decoration-de-magasin-de-decoration\/\">\r\n\t            \tD\u00e9coration de Magasin de D\u00e9coration\t            \t\t            \t\t\t\t\t        <span class=\"ct-contact-icon\">\r\n\t\t\t                <i aria-hidden=\"true\" class=\"flaticon flaticon-quality\"><\/i>\t\t\t                \t\t\t\t        <\/span>\r\n\t\t\t\t    \t                \t            <\/a>\r\n           <\/div>\r\n            <\/div>\r\n\t\t<\/div>\n\t\t\t\t<\/div>\n\t\t\t\t<div class=\"elementor-element elementor-element-72004308 elementor-widget elementor-widget-ct_contact_form\" data-id=\"72004308\" data-element_type=\"widget\" data-widget_type=\"ct_contact_form.default\">\n\t\t\t\t<div class=\"elementor-widget-container\">\n\t\t\t    <div class=\"ct-contact-form ct-contact-form-layout1 style3 \">\r\n        <div class=\"inner-layout\" >\r\n                            <div class=\"ct-contact-meta\">\r\n                                            <h4 class=\"ct-meta--title\"><span>Obtenez un devis rapide<\/span><\/h4>\r\n                                                                <div class=\"ct-meta--desc\">Nous vous retournerons dans les 24 heures!<\/div>\r\n                                    <\/div>\r\n                        <div class=\"ct-contact-form\">\r\n                <div role=\"form\" class=\"wpcf7\" id=\"wpcf7-f1398-o1\" lang=\"en-US\" dir=\"ltr\">\n<div class=\"screen-reader-response\"><p role=\"status\" aria-live=\"polite\" aria-atomic=\"true\"><\/p> <ul><\/ul><\/div>\n<form action=\"\/fr\/wp-json\/wp\/v2\/pages\/13961#wpcf7-f1398-o1\" method=\"post\" class=\"wpcf7-form init\" novalidate=\"novalidate\" data-status=\"init\">\n<div style=\"display: none;\">\n<input type=\"hidden\" name=\"_wpcf7\" value=\"1398\" \/>\n<input type=\"hidden\" name=\"_wpcf7_version\" value=\"5.6.4\" \/>\n<input type=\"hidden\" name=\"_wpcf7_locale\" value=\"en_US\" \/>\n<input type=\"hidden\" name=\"_wpcf7_unit_tag\" value=\"wpcf7-f1398-o1\" \/>\n<input type=\"hidden\" name=\"_wpcf7_container_post\" value=\"0\" \/>\n<input type=\"hidden\" name=\"_wpcf7_posted_data_hash\" value=\"\" \/>\n<\/div>\n<div class=\"wp-row-ctf7\">\n<div class=\"row\">\n<div class=\"col-lg-12\">\n<div class=\"input-filled\">\n                <span class=\"wpcf7-form-control-wrap\" data-name=\"your-name\"><input type=\"text\" name=\"your-name\" value=\"\" size=\"40\" class=\"wpcf7-form-control wpcf7-text wpcf7-validates-as-required\" aria-required=\"true\" aria-invalid=\"false\" placeholder=\"Votre nom\" \/><\/span>\n            <\/div>\n<\/div>\n<div class=\"col-lg-12\">\n<div class=\"input-filled\">\n                <span class=\"wpcf7-form-control-wrap\" data-name=\"your-email\"><input type=\"email\" name=\"your-email\" value=\"\" size=\"40\" class=\"wpcf7-form-control wpcf7-text wpcf7-email wpcf7-validates-as-required wpcf7-validates-as-email\" aria-required=\"true\" aria-invalid=\"false\" placeholder=\"E-mail\" \/><\/span>\n            <\/div>\n<\/div>\n<div class=\"col-lg-12\">\n<div class=\"input-filled\">\n                <span class=\"wpcf7-form-control-wrap\" data-name=\"your-message\"><textarea name=\"your-message\" cols=\"40\" rows=\"10\" class=\"wpcf7-form-control wpcf7-textarea\" aria-invalid=\"false\" placeholder=\"Votre num\u00e9ro de t\u00e9l\u00e9phone\/message\"><\/textarea><\/span>\n            <\/div>\n<\/div>\n<div class=\"col-lg-12\">\n<div class=\"input-filled input-filled-btn\">\n                <input type=\"submit\" value=\"Obtenez un devis rapide\" class=\"wpcf7-form-control has-spinner wpcf7-submit\" \/>\n            <\/div>\n<\/div>\n<\/div>\n<\/div>\n<div class=\"wpcf7-response-output\" aria-hidden=\"true\"><\/div><\/form><\/div>            <\/div>\r\n        <\/div>\r\n    <\/div>\r\n\t\t<\/div>\n\t\t\t\t<\/div>\n\t\t            <\/div>\n        <\/div>\n                            <\/div>\n        <\/section>\n        \t\t\t\t\t<\/div>\n\t\t","protected":false},"excerpt":{"rendered":"<p>Pr\u00e9c\u00e9dent Suivant D\u00e9coration de Magasin de cosm\u00e9tiques et Parfumerie Comme son nom l&#8217;indique, l&#8217;industrie cosm\u00e9tique est une entreprise qui propose des produits d&#8217;embellissement, de beaut\u00e9 et de parfum. Les d\u00e9corations des magasins qui vendent des produits beaux et parfum\u00e9s doivent \u00e9galement \u00eatre attrayantes, impressionnantes et \u00e9l\u00e9gantes. Din\u00e7er Raf produit le design de ses \u0153uvres de [&hellip;]<\/p>\n","protected":false},"author":1,"featured_media":0,"parent":0,"menu_order":0,"comment_status":"closed","ping_status":"closed","template":"","meta":{"footnotes":""},"class_list":["post-13961","page","type-page","status-publish","hentry"],"_links":{"self":[{"href":"https:\/\/dincerraf.com\/fr\/wp-json\/wp\/v2\/pages\/13961","targetHints":{"allow":["GET"]}}],"collection":[{"href":"https:\/\/dincerraf.com\/fr\/wp-json\/wp\/v2\/pages"}],"about":[{"href":"https:\/\/dincerraf.com\/fr\/wp-json\/wp\/v2\/types\/page"}],"author":[{"embeddable":true,"href":"https:\/\/dincerraf.com\/fr\/wp-json\/wp\/v2\/users\/1"}],"replies":[{"embeddable":true,"href":"https:\/\/dincerraf.com\/fr\/wp-json\/wp\/v2\/comments?post=13961"}],"version-history":[{"count":23,"href":"https:\/\/dincerraf.com\/fr\/wp-json\/wp\/v2\/pages\/13961\/revisions"}],"predecessor-version":[{"id":15210,"href":"https:\/\/dincerraf.com\/fr\/wp-json\/wp\/v2\/pages\/13961\/revisions\/15210"}],"wp:attachment":[{"href":"https:\/\/dincerraf.com\/fr\/wp-json\/wp\/v2\/media?parent=13961"}],"curies":[{"name":"wp","href":"https:\/\/api.w.org\/{rel}","templated":true}]}}