                                                                                                                {"id":14024,"date":"2022-06-22T21:02:15","date_gmt":"2022-06-22T21:02:15","guid":{"rendered":"https:\/\/dincer.proje99.com\/?page_id=14024"},"modified":"2024-04-25T10:20:20","modified_gmt":"2024-04-25T10:20:20","slug":"unites-de-gondole-et-sections-centrales","status":"publish","type":"page","link":"https:\/\/dincerraf.com\/fr\/unites-de-gondole-et-sections-centrales\/","title":{"rendered":"Unit\u00e9s de gondole et sections centrales"},"content":{"rendered":"\t\t<div data-elementor-type=\"wp-page\" data-elementor-id=\"14024\" class=\"elementor elementor-14024\">\n\t\t\t\t\t\t\t        <section class=\"elementor-section elementor-top-section elementor-element elementor-element-383e1291 elementor-section-stretched elementor-section-boxed elementor-section-height-default elementor-section-height-default ct-header-fixed-none ct-column-none ct-row-scroll-none ct-row-gradient--none ct-row-container--default\" data-id=\"383e1291\" data-element_type=\"section\" data-settings=\"{&quot;stretch_section&quot;:&quot;section-stretched&quot;}\">\n            \n                        <div class=\"elementor-container elementor-column-gap-extended \">\n                    <div class=\"elementor-column elementor-col-66 elementor-top-column elementor-element elementor-element-21dd2a77 ct-column-none col-offset-none\" data-id=\"21dd2a77\" data-element_type=\"column\">\n            <div class=\"elementor-widget-wrap elementor-element-populated\">\n                        \t\t<div class=\"elementor-element elementor-element-2c8cafe4 elementor-arrows-position-inside elementor-pagination-position-outside elementor-widget elementor-widget-image-carousel\" data-id=\"2c8cafe4\" data-element_type=\"widget\" data-settings=\"{&quot;slides_to_show&quot;:&quot;1&quot;,&quot;navigation&quot;:&quot;both&quot;,&quot;autoplay&quot;:&quot;yes&quot;,&quot;pause_on_hover&quot;:&quot;yes&quot;,&quot;pause_on_interaction&quot;:&quot;yes&quot;,&quot;autoplay_speed&quot;:5000,&quot;infinite&quot;:&quot;yes&quot;,&quot;effect&quot;:&quot;slide&quot;,&quot;speed&quot;:500}\" data-widget_type=\"image-carousel.default\">\n\t\t\t\t<div class=\"elementor-widget-container\">\n\t\t\t<style>\/*! elementor - v3.6.5 - 27-04-2022 *\/\n.elementor-widget-image-carousel .swiper-container{position:static}.elementor-widget-image-carousel .swiper-container .swiper-slide figure{line-height:inherit}.elementor-widget-image-carousel .swiper-slide{text-align:center}.elementor-image-carousel-wrapper:not(.swiper-container-initialized) .swiper-slide{max-width:calc(100% \/ var(--e-image-carousel-slides-to-show, 3))}<\/style>\t\t<div class=\"elementor-image-carousel-wrapper swiper-container\" dir=\"ltr\">\n\t\t\t<div class=\"elementor-image-carousel swiper-wrapper\">\n\t\t\t\t\t\t\t\t<div class=\"swiper-slide\"><figure class=\"swiper-slide-inner\"><img decoding=\"async\" class=\"swiper-slide-image\" src=\"https:\/\/dincerraf.com\/fr\/wp-content\/uploads\/2022\/06\/gondolunitesi-495x400-1.jpg\" alt=\"gondolunitesi-495x400\" \/><\/figure><\/div><div class=\"swiper-slide\"><figure class=\"swiper-slide-inner\"><img decoding=\"async\" class=\"swiper-slide-image\" src=\"https:\/\/dincerraf.com\/fr\/wp-content\/uploads\/2022\/06\/gondolunitesi2-495x400-1.jpg\" alt=\"gondolunitesi2-495x400\" \/><\/figure><\/div><div class=\"swiper-slide\"><figure class=\"swiper-slide-inner\"><img decoding=\"async\" class=\"swiper-slide-image\" src=\"https:\/\/dincerraf.com\/fr\/wp-content\/uploads\/2022\/06\/gondolunitesi3-495x400-1.jpg\" alt=\"gondolunitesi3-495x400\" \/><\/figure><\/div><div class=\"swiper-slide\"><figure class=\"swiper-slide-inner\"><img decoding=\"async\" class=\"swiper-slide-image\" src=\"https:\/\/dincerraf.com\/fr\/wp-content\/uploads\/2022\/06\/gondolunitesi4-495x400-1.jpg\" alt=\"gondolunitesi4-495x400\" \/><\/figure><\/div><div class=\"swiper-slide\"><figure class=\"swiper-slide-inner\"><img decoding=\"async\" class=\"swiper-slide-image\" src=\"https:\/\/dincerraf.com\/fr\/wp-content\/uploads\/2022\/06\/gondolunitesi5-495x400-1.jpg\" alt=\"gondolunitesi5-495x400\" \/><\/figure><\/div>\t\t\t<\/div>\n\t\t\t\t\t\t\t\t\t\t\t\t<div class=\"swiper-pagination\"><\/div>\n\t\t\t\t\t\t\t\t\t\t\t\t\t<div class=\"elementor-swiper-button elementor-swiper-button-prev\">\n\t\t\t\t\t\t<i aria-hidden=\"true\" class=\"eicon-chevron-left\"><\/i>\t\t\t\t\t\t<span class=\"elementor-screen-only\">Pr\u00e9c\u00e9dent<\/span>\n\t\t\t\t\t<\/div>\n\t\t\t\t\t<div class=\"elementor-swiper-button elementor-swiper-button-next\">\n\t\t\t\t\t\t<i aria-hidden=\"true\" class=\"eicon-chevron-right\"><\/i>\t\t\t\t\t\t<span class=\"elementor-screen-only\">Suivant<\/span>\n\t\t\t\t\t<\/div>\n\t\t\t\t\t\t\t\t\t<\/div>\n\t\t\t\t<\/div>\n\t\t\t\t<\/div>\n\t\t\t\t<div class=\"elementor-element elementor-element-6d42d66e elementor-widget elementor-widget-ct_text_editor\" data-id=\"6d42d66e\" data-element_type=\"widget\" data-widget_type=\"ct_text_editor.default\">\n\t\t\t\t<div class=\"elementor-widget-container\">\n\t\t\t<div id=\"ct_text_editor-6d42d66e\" class=\"ct-text-editor \" data-wow-delay=\"ms\">\n\t<div class=\"ct-inline-css\"  data-css=\"\n        \t\t\">\n\n    <\/div>\n\t<div class=\"ct-text-editor-inner elementor-clearfix\">\n\t\tLes unit\u00e9s de gondole et les sections centrales, qui sont tr\u00e8s efficaces pour afficher les produits dans les march\u00e9s, les supermarch\u00e9s et les magasins de d\u00e9tail tels que la quincaillerie, la d\u00e9coration et la papeterie, sont parmi les produits les plus pr\u00e9f\u00e9r\u00e9s apr\u00e8s les \u00e9tag\u00e8res murales.<br>\n\nLes unit\u00e9s de gondole sont principalement utilis\u00e9es dans l&#8217;arrangement et l&#8217;affichage de produits \u00e0 prix r\u00e9duits et promotionnels autour de la caisse des march\u00e9s. On l&#8217;appelle aussi la t\u00eate de gondole. Des unit\u00e9s \u00e0 section centrale bidirectionnelles, unidirectionnelles et ovales sont \u00e9galement disponibles.<br>\n\n<b>Sp\u00e9cifications techniques de notre unit\u00e9 de gondole et \u00e9tag\u00e8res interm\u00e9diaires :<\/b><br>\n\nDimensions de l&#8217;\u00e9tag\u00e8re de la section centrale :<br>\n\nProfondeur : de 300 mm \u00e0 600 mm<br>\n\nLongueur : de 550 mm \u00e0 1330 mm<br>\n\nHauteur : de 1000 mm \u00e0 3000 mm<br>\n\nCouleurs standard: RAL 7005, 9001, 5002, 3000 et 2004, mais d&#8217;autres options de couleur peuvent \u00eatre pr\u00e9f\u00e9r\u00e9es.<br>\n\nLes prix des unit\u00e9s de gondole et des \u00e9tag\u00e8res interm\u00e9diaires varient en fonction de la taille, de la hauteur et du nombre d&#8217;\u00e9tag\u00e8res souhait\u00e9es.<br>\n\nVous pouvez voir les exemples de nos \u00e9tag\u00e8res murales ci-dessous.\t\t\n\t<\/div>\n<\/div>\t\t<\/div>\n\t\t\t\t<\/div>\n\t\t        <section class=\"elementor-section elementor-inner-section elementor-element elementor-element-45bef740 elementor-section-boxed elementor-section-height-default elementor-section-height-default ct-header-fixed-none ct-column-none ct-row-scroll-none ct-row-gradient--none ct-row-container--default\" data-id=\"45bef740\" data-element_type=\"section\">\n            \n                        <div class=\"elementor-container elementor-column-gap-extended \">\n                    <div class=\"elementor-column elementor-col-50 elementor-inner-column elementor-element elementor-element-2119ebb1 ct-column-none col-offset-none\" data-id=\"2119ebb1\" data-element_type=\"column\">\n            <div class=\"elementor-widget-wrap elementor-element-populated\">\n                        \t\t<div class=\"elementor-element elementor-element-7489541f elementor-widget elementor-widget-ct_list\" data-id=\"7489541f\" data-element_type=\"widget\" data-widget_type=\"ct_list.default\">\n\t\t\t\t<div class=\"elementor-widget-container\">\n\t\t\t    <div class=\"ct-list block\">\r\n                    <div class=\"ct-list-item \">\r\n                                    <div class=\"ct-list-icon\">\r\n                        <i aria-hidden=\"true\" class=\"far fa-check-circle\"><\/i>                    <\/div>\r\n                            \t<div class=\"ct-list-content\">\r\n                    \t            \t  Etude Gratuite                    \t            <\/div>\r\n           <\/div>\r\n                    <div class=\"ct-list-item \">\r\n                                    <div class=\"ct-list-icon\">\r\n                        <i aria-hidden=\"true\" class=\"far fa-check-circle\"><\/i>                    <\/div>\r\n                            \t<div class=\"ct-list-content\">\r\n                    \t            \t  Conception de Projet Gratuite                    \t            <\/div>\r\n           <\/div>\r\n                    <div class=\"ct-list-item \">\r\n                                    <div class=\"ct-list-icon\">\r\n                        <i aria-hidden=\"true\" class=\"far fa-check-circle\"><\/i>                    <\/div>\r\n                            \t<div class=\"ct-list-content\">\r\n                    \t            \t  Conception 3D                    \t            <\/div>\r\n           <\/div>\r\n            <\/div>\r\n\t\t<\/div>\n\t\t\t\t<\/div>\n\t\t            <\/div>\n        <\/div>\n                <div class=\"elementor-column elementor-col-50 elementor-inner-column elementor-element elementor-element-b0106c7 ct-column-none col-offset-none\" data-id=\"b0106c7\" data-element_type=\"column\">\n            <div class=\"elementor-widget-wrap elementor-element-populated\">\n                        \t\t<div class=\"elementor-element elementor-element-6a47aabb elementor-widget elementor-widget-ct_list\" data-id=\"6a47aabb\" data-element_type=\"widget\" data-widget_type=\"ct_list.default\">\n\t\t\t\t<div class=\"elementor-widget-container\">\n\t\t\t    <div class=\"ct-list block\">\r\n                    <div class=\"ct-list-item \">\r\n                                    <div class=\"ct-list-icon\">\r\n                        <i aria-hidden=\"true\" class=\"far fa-check-circle\"><\/i>                    <\/div>\r\n                            \t<div class=\"ct-list-content\">\r\n                    \t            \t  Fabrication de Mat\u00e9riel                    \t            <\/div>\r\n           <\/div>\r\n                    <div class=\"ct-list-item \">\r\n                                    <div class=\"ct-list-icon\">\r\n                        <i aria-hidden=\"true\" class=\"far fa-check-circle\"><\/i>                    <\/div>\r\n                            \t<div class=\"ct-list-content\">\r\n                    \t            \t  Installation \u2013 Application                    \t            <\/div>\r\n           <\/div>\r\n                    <div class=\"ct-list-item \">\r\n                                    <div class=\"ct-list-icon\">\r\n                        <i aria-hidden=\"true\" class=\"far fa-check-circle\"><\/i>                    <\/div>\r\n                            \t<div class=\"ct-list-content\">\r\n                    \t            \t  2 Ans de Service Gratuit                    \t            <\/div>\r\n           <\/div>\r\n            <\/div>\r\n\t\t<\/div>\n\t\t\t\t<\/div>\n\t\t            <\/div>\n        <\/div>\n                            <\/div>\n        <\/section>\n        \t\t<div class=\"elementor-element elementor-element-1d2d2818 elementor-widget elementor-widget-ct_text_editor\" data-id=\"1d2d2818\" data-element_type=\"widget\" data-widget_type=\"ct_text_editor.default\">\n\t\t\t\t<div class=\"elementor-widget-container\">\n\t\t\t<div id=\"ct_text_editor-1d2d2818\" class=\"ct-text-editor \" data-wow-delay=\"ms\">\n\t<div class=\"ct-inline-css\"  data-css=\"\n        \t\t\">\n\n    <\/div>\n\t<div class=\"ct-text-editor-inner elementor-clearfix\">\n\t\t<strong>Appelez-nous d\u00e8s maintenant sur notre ligne 0 532 151 04 77<\/strong> et concevons ensemble votre d\u00e9coration.\t\t\n\t<\/div>\n<\/div>\t\t<\/div>\n\t\t\t\t<\/div>\n\t\t\t\t<div class=\"elementor-element elementor-element-11bf786d elementor-widget-divider--view-line elementor-widget elementor-widget-divider\" data-id=\"11bf786d\" data-element_type=\"widget\" data-widget_type=\"divider.default\">\n\t\t\t\t<div class=\"elementor-widget-container\">\n\t\t\t<style>\/*! elementor - v3.6.5 - 27-04-2022 *\/\n.elementor-widget-divider{--divider-border-style:none;--divider-border-width:1px;--divider-color:#2c2c2c;--divider-icon-size:20px;--divider-element-spacing:10px;--divider-pattern-height:24px;--divider-pattern-size:20px;--divider-pattern-url:none;--divider-pattern-repeat:repeat-x}.elementor-widget-divider .elementor-divider{display:-webkit-box;display:-ms-flexbox;display:flex}.elementor-widget-divider .elementor-divider__text{font-size:15px;line-height:1;max-width:95%}.elementor-widget-divider .elementor-divider__element{margin:0 var(--divider-element-spacing);-ms-flex-negative:0;flex-shrink:0}.elementor-widget-divider .elementor-icon{font-size:var(--divider-icon-size)}.elementor-widget-divider .elementor-divider-separator{display:-webkit-box;display:-ms-flexbox;display:flex;margin:0;direction:ltr}.elementor-widget-divider--view-line_icon .elementor-divider-separator,.elementor-widget-divider--view-line_text .elementor-divider-separator{-webkit-box-align:center;-ms-flex-align:center;align-items:center}.elementor-widget-divider--view-line_icon .elementor-divider-separator:after,.elementor-widget-divider--view-line_icon .elementor-divider-separator:before,.elementor-widget-divider--view-line_text .elementor-divider-separator:after,.elementor-widget-divider--view-line_text .elementor-divider-separator:before{display:block;content:\"\";border-bottom:0;-webkit-box-flex:1;-ms-flex-positive:1;flex-grow:1;border-top:var(--divider-border-width) var(--divider-border-style) var(--divider-color)}.elementor-widget-divider--element-align-left .elementor-divider .elementor-divider-separator>.elementor-divider__svg:first-of-type{-webkit-box-flex:0;-ms-flex-positive:0;flex-grow:0;-ms-flex-negative:100;flex-shrink:100}.elementor-widget-divider--element-align-left .elementor-divider-separator:before{content:none}.elementor-widget-divider--element-align-left .elementor-divider__element{margin-left:0}.elementor-widget-divider--element-align-right .elementor-divider .elementor-divider-separator>.elementor-divider__svg:last-of-type{-webkit-box-flex:0;-ms-flex-positive:0;flex-grow:0;-ms-flex-negative:100;flex-shrink:100}.elementor-widget-divider--element-align-right .elementor-divider-separator:after{content:none}.elementor-widget-divider--element-align-right .elementor-divider__element{margin-right:0}.elementor-widget-divider:not(.elementor-widget-divider--view-line_text):not(.elementor-widget-divider--view-line_icon) .elementor-divider-separator{border-top:var(--divider-border-width) var(--divider-border-style) var(--divider-color)}.elementor-widget-divider--separator-type-pattern{--divider-border-style:none}.elementor-widget-divider--separator-type-pattern.elementor-widget-divider--view-line .elementor-divider-separator,.elementor-widget-divider--separator-type-pattern:not(.elementor-widget-divider--view-line) .elementor-divider-separator:after,.elementor-widget-divider--separator-type-pattern:not(.elementor-widget-divider--view-line) .elementor-divider-separator:before,.elementor-widget-divider--separator-type-pattern:not([class*=elementor-widget-divider--view]) .elementor-divider-separator{width:100%;min-height:var(--divider-pattern-height);-webkit-mask-size:var(--divider-pattern-size) 100%;mask-size:var(--divider-pattern-size) 100%;-webkit-mask-repeat:var(--divider-pattern-repeat);mask-repeat:var(--divider-pattern-repeat);background-color:var(--divider-color);-webkit-mask-image:var(--divider-pattern-url);mask-image:var(--divider-pattern-url)}.elementor-widget-divider--no-spacing{--divider-pattern-size:auto}.elementor-widget-divider--bg-round{--divider-pattern-repeat:round}.rtl .elementor-widget-divider .elementor-divider__text{direction:rtl}<\/style>\t\t<div class=\"elementor-divider\">\n\t\t\t<span class=\"elementor-divider-separator\">\n\t\t\t\t\t\t<\/span>\n\t\t<\/div>\n\t\t\t\t<\/div>\n\t\t\t\t<\/div>\n\t\t            <\/div>\n        <\/div>\n                <div class=\"elementor-column elementor-col-33 elementor-top-column elementor-element elementor-element-54af058c ct-column-none col-offset-none\" data-id=\"54af058c\" data-element_type=\"column\">\n            <div class=\"elementor-widget-wrap elementor-element-populated\">\n                        \t\t<div class=\"elementor-element elementor-element-8feb1f8 elementor-widget elementor-widget-ct_download\" data-id=\"8feb1f8\" data-element_type=\"widget\" data-widget_type=\"ct_download.default\">\n\t\t\t\t<div class=\"elementor-widget-container\">\n\t\t\t    <div class=\"ct-download layout2 box-nomarl wow fadeInLeft\">\r\n                    <h3 class=\"entry-title\">\r\n                Syst\u00e8me d\u2019\u00e9tag\u00e8re    \r\n            <\/h3>\r\n                            <div class=\"item--download\">\r\n            \t<a href=\"https:\/\/dincerraf.com\/fr\/unites-de-gondole-et-sections-centrales\/\">\r\n\t            \tUnit\u00e9s de gondole et sections centrales\t            \t\t            \t\t\t\t\t        <span class=\"ct-contact-icon\">\r\n\t\t\t                <i aria-hidden=\"true\" class=\"flaticon flaticon-quality\"><\/i>\t\t\t                \t\t\t\t        <\/span>\r\n\t\t\t\t    \t                \t            <\/a>\r\n           <\/div>\r\n                    <div class=\"item--download\">\r\n            \t<a href=\"https:\/\/dincerraf.com\/fr\/etageres-murales-de-supermarche\/\">\r\n\t            \t\u00c9tag\u00e8res Murales\t            \t\t            \t\t\t\t\t        <span class=\"ct-contact-icon\">\r\n\t\t\t                <i aria-hidden=\"true\" class=\"flaticon flaticon-quality\"><\/i>\t\t\t                \t\t\t\t        <\/span>\r\n\t\t\t\t    \t                \t            <\/a>\r\n           <\/div>\r\n                    <div class=\"item--download\">\r\n            \t<a href=\"https:\/\/dincerraf.com\/fr\/sections-de-gruits-et-legumes\/\">\r\n\t            \tSections de Fruits et L\u00e9gumes\t            \t\t            \t\t\t\t\t        <span class=\"ct-contact-icon\">\r\n\t\t\t                <i aria-hidden=\"true\" class=\"flaticon flaticon-quality\"><\/i>\t\t\t                \t\t\t\t        <\/span>\r\n\t\t\t\t    \t                \t            <\/a>\r\n           <\/div>\r\n                    <div class=\"item--download\">\r\n            \t<a href=\"https:\/\/dincerraf.com\/fr\/presentoir-en-metal-perfore\/\">\r\n\t            \tPr\u00e9sentoir en M\u00e9tal Perfor\u00e9\t            \t\t            \t\t\t\t\t        <span class=\"ct-contact-icon\">\r\n\t\t\t                <i aria-hidden=\"true\" class=\"flaticon flaticon-quality\"><\/i>\t\t\t                \t\t\t\t        <\/span>\r\n\t\t\t\t    \t                \t            <\/a>\r\n           <\/div>\r\n                    <div class=\"item--download\">\r\n            \t<a href=\"https:\/\/dincerraf.com\/fr\/etageres-de-boulangerie\/\">\r\n\t            \tEtag\u00e8res de Boulangerie\t            \t\t            \t\t\t\t\t        <span class=\"ct-contact-icon\">\r\n\t\t\t                <i aria-hidden=\"true\" class=\"flaticon flaticon-quality\"><\/i>\t\t\t                \t\t\t\t        <\/span>\r\n\t\t\t\t    \t                \t            <\/a>\r\n           <\/div>\r\n                    <div class=\"item--download\">\r\n            \t<a href=\"https:\/\/dincerraf.com\/fr\/systemes-de-rayonnages-dentrepot-a-usage-intensif\/\">\r\n\t            \tSyst\u00e8mes de rayonnages d\u2019entrep\u00f4t \u00e0 usage intensif\t            \t\t            \t\t\t\t\t        <span class=\"ct-contact-icon\">\r\n\t\t\t                <i aria-hidden=\"true\" class=\"flaticon flaticon-quality\"><\/i>\t\t\t                \t\t\t\t        <\/span>\r\n\t\t\t\t    \t                \t            <\/a>\r\n           <\/div>\r\n                    <div class=\"item--download\">\r\n            \t<a href=\"https:\/\/dincerraf.com\/fr\/systemes-de-rayonnages-dentrepot-a-usage-non-intensif\/\">\r\n\t            \tSyst\u00e8mes de rayonnages d\u2019entrep\u00f4t \u00e0 usage non-intensif\t            \t\t            \t\t\t\t\t        <span class=\"ct-contact-icon\">\r\n\t\t\t                <i aria-hidden=\"true\" class=\"flaticon flaticon-quality\"><\/i>\t\t\t                \t\t\t\t        <\/span>\r\n\t\t\t\t    \t                \t            <\/a>\r\n           <\/div>\r\n                    <div class=\"item--download\">\r\n            \t<a href=\"https:\/\/dincerraf.com\/fr\/systemes-detageres-darchives\/\">\r\n\t            \tSyst\u00e8mes d\u2019\u00e9tag\u00e8res d\u2019archives\t            \t\t            \t\t\t\t\t        <span class=\"ct-contact-icon\">\r\n\t\t\t                <i aria-hidden=\"true\" class=\"flaticon flaticon-quality\"><\/i>\t\t\t                \t\t\t\t        <\/span>\r\n\t\t\t\t    \t                \t            <\/a>\r\n           <\/div>\r\n                    <div class=\"item--download\">\r\n            \t<a href=\"https:\/\/dincerraf.com\/fr\/systemes-detageres-en-acier\/\">\r\n\t            \tSyst\u00e8mes d\u2019\u00e9tag\u00e8res en acier\t            \t\t            \t\t\t\t\t        <span class=\"ct-contact-icon\">\r\n\t\t\t                <i aria-hidden=\"true\" class=\"flaticon flaticon-quality\"><\/i>\t\t\t                \t\t\t\t        <\/span>\r\n\t\t\t\t    \t                \t            <\/a>\r\n           <\/div>\r\n            <\/div>\r\n\t\t<\/div>\n\t\t\t\t<\/div>\n\t\t\t\t<div class=\"elementor-element elementor-element-4157b83b elementor-widget elementor-widget-ct_contact_form\" data-id=\"4157b83b\" data-element_type=\"widget\" data-widget_type=\"ct_contact_form.default\">\n\t\t\t\t<div class=\"elementor-widget-container\">\n\t\t\t    <div class=\"ct-contact-form ct-contact-form-layout1 style3 \">\r\n        <div class=\"inner-layout\" >\r\n                            <div class=\"ct-contact-meta\">\r\n                                            <h4 class=\"ct-meta--title\"><span>Obtenez un devis rapide<\/span><\/h4>\r\n                                                                <div class=\"ct-meta--desc\">Nous vous retournerons dans les 24 heures!<\/div>\r\n                                    <\/div>\r\n                        <div class=\"ct-contact-form\">\r\n                <div role=\"form\" class=\"wpcf7\" id=\"wpcf7-f1398-o1\" lang=\"en-US\" dir=\"ltr\">\n<div class=\"screen-reader-response\"><p role=\"status\" aria-live=\"polite\" aria-atomic=\"true\"><\/p> <ul><\/ul><\/div>\n<form action=\"\/fr\/wp-json\/wp\/v2\/pages\/14024#wpcf7-f1398-o1\" method=\"post\" class=\"wpcf7-form init\" novalidate=\"novalidate\" data-status=\"init\">\n<div style=\"display: none;\">\n<input type=\"hidden\" name=\"_wpcf7\" value=\"1398\" \/>\n<input type=\"hidden\" name=\"_wpcf7_version\" value=\"5.6.4\" \/>\n<input type=\"hidden\" name=\"_wpcf7_locale\" value=\"en_US\" \/>\n<input type=\"hidden\" name=\"_wpcf7_unit_tag\" value=\"wpcf7-f1398-o1\" \/>\n<input type=\"hidden\" name=\"_wpcf7_container_post\" value=\"0\" \/>\n<input type=\"hidden\" name=\"_wpcf7_posted_data_hash\" value=\"\" \/>\n<\/div>\n<div class=\"wp-row-ctf7\">\n<div class=\"row\">\n<div class=\"col-lg-12\">\n<div class=\"input-filled\">\n                <span class=\"wpcf7-form-control-wrap\" data-name=\"your-name\"><input type=\"text\" name=\"your-name\" value=\"\" size=\"40\" class=\"wpcf7-form-control wpcf7-text wpcf7-validates-as-required\" aria-required=\"true\" aria-invalid=\"false\" placeholder=\"Votre nom\" \/><\/span>\n            <\/div>\n<\/div>\n<div class=\"col-lg-12\">\n<div class=\"input-filled\">\n                <span class=\"wpcf7-form-control-wrap\" data-name=\"your-email\"><input type=\"email\" name=\"your-email\" value=\"\" size=\"40\" class=\"wpcf7-form-control wpcf7-text wpcf7-email wpcf7-validates-as-required wpcf7-validates-as-email\" aria-required=\"true\" aria-invalid=\"false\" placeholder=\"E-mail\" \/><\/span>\n            <\/div>\n<\/div>\n<div class=\"col-lg-12\">\n<div class=\"input-filled\">\n                <span class=\"wpcf7-form-control-wrap\" data-name=\"your-message\"><textarea name=\"your-message\" cols=\"40\" rows=\"10\" class=\"wpcf7-form-control wpcf7-textarea\" aria-invalid=\"false\" placeholder=\"Votre num\u00e9ro de t\u00e9l\u00e9phone\/message\"><\/textarea><\/span>\n            <\/div>\n<\/div>\n<div class=\"col-lg-12\">\n<div class=\"input-filled input-filled-btn\">\n                <input type=\"submit\" value=\"Obtenez un devis rapide\" class=\"wpcf7-form-control has-spinner wpcf7-submit\" \/>\n            <\/div>\n<\/div>\n<\/div>\n<\/div>\n<div class=\"wpcf7-response-output\" aria-hidden=\"true\"><\/div><\/form><\/div>            <\/div>\r\n        <\/div>\r\n    <\/div>\r\n\t\t<\/div>\n\t\t\t\t<\/div>\n\t\t            <\/div>\n        <\/div>\n                            <\/div>\n        <\/section>\n        \t\t\t\t\t<\/div>\n\t\t","protected":false},"excerpt":{"rendered":"<p>Pr\u00e9c\u00e9dent Suivant Les unit\u00e9s de gondole et les sections centrales, qui sont tr\u00e8s efficaces pour afficher les produits dans les march\u00e9s, les supermarch\u00e9s et les magasins de d\u00e9tail tels que la quincaillerie, la d\u00e9coration et la papeterie, sont parmi les produits les plus pr\u00e9f\u00e9r\u00e9s apr\u00e8s les \u00e9tag\u00e8res murales. Les unit\u00e9s de gondole sont principalement utilis\u00e9es [&hellip;]<\/p>\n","protected":false},"author":1,"featured_media":0,"parent":0,"menu_order":0,"comment_status":"closed","ping_status":"closed","template":"","meta":{"footnotes":""},"class_list":["post-14024","page","type-page","status-publish","hentry"],"_links":{"self":[{"href":"https:\/\/dincerraf.com\/fr\/wp-json\/wp\/v2\/pages\/14024","targetHints":{"allow":["GET"]}}],"collection":[{"href":"https:\/\/dincerraf.com\/fr\/wp-json\/wp\/v2\/pages"}],"about":[{"href":"https:\/\/dincerraf.com\/fr\/wp-json\/wp\/v2\/types\/page"}],"author":[{"embeddable":true,"href":"https:\/\/dincerraf.com\/fr\/wp-json\/wp\/v2\/users\/1"}],"replies":[{"embeddable":true,"href":"https:\/\/dincerraf.com\/fr\/wp-json\/wp\/v2\/comments?post=14024"}],"version-history":[{"count":29,"href":"https:\/\/dincerraf.com\/fr\/wp-json\/wp\/v2\/pages\/14024\/revisions"}],"predecessor-version":[{"id":15222,"href":"https:\/\/dincerraf.com\/fr\/wp-json\/wp\/v2\/pages\/14024\/revisions\/15222"}],"wp:attachment":[{"href":"https:\/\/dincerraf.com\/fr\/wp-json\/wp\/v2\/media?parent=14024"}],"curies":[{"name":"wp","href":"https:\/\/api.w.org\/{rel}","templated":true}]}}