                                                                                                                {"id":214,"date":"2021-11-09T15:14:05","date_gmt":"2021-11-09T15:14:05","guid":{"rendered":"https:\/\/demo.casethemes.net\/industo\/?page_id=214"},"modified":"2022-12-26T13:05:44","modified_gmt":"2022-12-26T13:05:44","slug":"entreprise","status":"publish","type":"page","link":"https:\/\/dincerraf.com\/fr\/entreprise\/","title":{"rendered":"Entreprise"},"content":{"rendered":"\t\t<div data-elementor-type=\"wp-page\" data-elementor-id=\"214\" class=\"elementor elementor-214\">\n\t\t\t\t\t\t\t        <section class=\"elementor-section elementor-top-section elementor-element elementor-element-f32eb74 elementor-section-stretched elementor-section-boxed elementor-section-height-default elementor-section-height-default ct-header-fixed-none ct-column-none ct-row-scroll-none ct-row-gradient--none ct-row-container--default\" data-id=\"f32eb74\" data-element_type=\"section\" data-settings=\"{&quot;stretch_section&quot;:&quot;section-stretched&quot;}\">\n            \n                        <div class=\"elementor-container elementor-column-gap-extended \">\n                    <div class=\"elementor-column elementor-col-100 elementor-top-column elementor-element elementor-element-31ee543 ct-column-none col-offset-none\" data-id=\"31ee543\" data-element_type=\"column\">\n            <div class=\"elementor-widget-wrap elementor-element-populated\">\n                        \t\t<div class=\"elementor-element elementor-element-6ac77143 elementor-widget elementor-widget-ct_heading\" data-id=\"6ac77143\" data-element_type=\"widget\" data-widget_type=\"ct_heading.default\">\n\t\t\t\t<div class=\"elementor-widget-container\">\n\t\t\t<div id=\"ct_heading-6ac77143\" class=\"ct-heading h-align-center item-st-default\">\r\n    <div class=\"heading-wrapper\">\r\n        <div class=\"inner-heading\">\r\n                          \t            \t\t<div class=\"item--sub-title no-image-bg\">\r\n                                                <span>\r\n                            Nous continuons \u00e0 grandir dans le secteur !                        <\/span>\r\n                    <\/div>\r\n            \t                <h3 class=\"item--title case-animate-time st-default \" data-wow-delay=\"ms\">\r\n                    <span class=\"slide-in-container\"><span class=\"d-inline-block wow case-fade-in-up\">Din\u00e7er<\/span><\/span> <span class=\"slide-in-container\"><span class=\"d-inline-block wow case-fade-in-up\">Raf<\/span><\/span> <span class=\"slide-in-container\"><span class=\"d-inline-block wow case-fade-in-up\">en<\/span><\/span> <span class=\"slide-in-container\"><span class=\"d-inline-block wow case-fade-in-up\">Chiffres<\/span><\/span>                <\/h3>\r\n        <\/div>\r\n    <\/div>\r\n<\/div>\r\n\t\t<\/div>\n\t\t\t\t<\/div>\n\t\t        <section class=\"elementor-section elementor-inner-section elementor-element elementor-element-63c55e5 elementor-section-boxed elementor-section-height-default elementor-section-height-default ct-header-fixed-none ct-column-none ct-row-scroll-none ct-row-gradient--none ct-row-container--default\" data-id=\"63c55e5\" data-element_type=\"section\">\n            \n                        <div class=\"elementor-container elementor-column-gap-extended \">\n                    <div class=\"elementor-column elementor-col-33 elementor-inner-column elementor-element elementor-element-4fb1f8c ct-column-none col-offset-none\" data-id=\"4fb1f8c\" data-element_type=\"column\">\n            <div class=\"elementor-widget-wrap elementor-element-populated\">\n                        \t\t<div class=\"elementor-element elementor-element-9469765 ct-counter-layout2 elementor-widget elementor-widget-ct_counter\" data-id=\"9469765\" data-element_type=\"widget\" data-widget_type=\"ct_counter.default\">\n\t\t\t\t<div class=\"elementor-widget-container\">\n\t\t\t<div class=\"ct-counter ct-counter-layout2 \" data-wow-delay=\"ms\">\r\n    <div class=\"ct-counter-inner\">\r\n        <div class=\"ct-counter-meta\">\r\n                            <div class=\"ct-counter-icon\">\r\n                    <img decoding=\"async\" width=\"59\" height=\"59\" src=\"https:\/\/dincerraf.com\/fr\/wp-content\/uploads\/2021\/11\/Icon-1.png\" class=\"attachment-thumbnail size-thumbnail\" alt=\"\" \/>                <\/div>\r\n                        <div class=\"ct-meta\">\r\n                <div class=\"ct-counter-number\">\r\n                                        <span class=\"ct-counter-number-value\" data-duration=\"2000\" data-to-value=\"1000\">200<\/span>\r\n                                            <span class=\"ct-counter-number-suffix\">m2<\/span>\r\n                                    <\/div>\r\n                                    <div class=\"ct-counter-title\">Surface Usine<\/div>\r\n                            <\/div>\r\n        <\/div>\r\n    <\/div>\r\n<\/div>\t\t<\/div>\n\t\t\t\t<\/div>\n\t\t            <\/div>\n        <\/div>\n                <div class=\"elementor-column elementor-col-33 elementor-inner-column elementor-element elementor-element-6b19c68 ct-column-none col-offset-none\" data-id=\"6b19c68\" data-element_type=\"column\">\n            <div class=\"elementor-widget-wrap elementor-element-populated\">\n                        \t\t<div class=\"elementor-element elementor-element-08948bb ct-counter-layout2 elementor-widget elementor-widget-ct_counter\" data-id=\"08948bb\" data-element_type=\"widget\" data-widget_type=\"ct_counter.default\">\n\t\t\t\t<div class=\"elementor-widget-container\">\n\t\t\t<div class=\"ct-counter ct-counter-layout2 \" data-wow-delay=\"ms\">\r\n    <div class=\"ct-counter-inner\">\r\n        <div class=\"ct-counter-meta\">\r\n                            <div class=\"ct-counter-icon\">\r\n                    <img decoding=\"async\" width=\"52\" height=\"58\" src=\"https:\/\/dincerraf.com\/fr\/wp-content\/uploads\/2021\/11\/Icon-2.png\" class=\"attachment-thumbnail size-thumbnail\" alt=\"\" \/>                <\/div>\r\n                        <div class=\"ct-meta\">\r\n                <div class=\"ct-counter-number\">\r\n                                            <span class=\"ct-counter-number-prefix\"> <\/span>\r\n                                        <span class=\"ct-counter-number-value\" data-duration=\"2000\" data-to-value=\"20\">1<\/span>\r\n                                            <span class=\"ct-counter-number-suffix\">Ans<\/span>\r\n                                    <\/div>\r\n                                    <div class=\"ct-counter-title\">d'exp\u00e9rience<\/div>\r\n                            <\/div>\r\n        <\/div>\r\n    <\/div>\r\n<\/div>\t\t<\/div>\n\t\t\t\t<\/div>\n\t\t            <\/div>\n        <\/div>\n                <div class=\"elementor-column elementor-col-33 elementor-inner-column elementor-element elementor-element-e5c6418 ct-column-none col-offset-none\" data-id=\"e5c6418\" data-element_type=\"column\">\n            <div class=\"elementor-widget-wrap elementor-element-populated\">\n                        \t\t<div class=\"elementor-element elementor-element-5da53c4 ct-counter-layout2 elementor-widget elementor-widget-ct_counter\" data-id=\"5da53c4\" data-element_type=\"widget\" data-widget_type=\"ct_counter.default\">\n\t\t\t\t<div class=\"elementor-widget-container\">\n\t\t\t<div class=\"ct-counter ct-counter-layout2 \" data-wow-delay=\"ms\">\r\n    <div class=\"ct-counter-inner\">\r\n        <div class=\"ct-counter-meta\">\r\n                            <div class=\"ct-counter-icon\">\r\n                    <img decoding=\"async\" width=\"59\" height=\"58\" src=\"https:\/\/dincerraf.com\/fr\/wp-content\/uploads\/2021\/11\/Icon-3.png\" class=\"attachment-thumbnail size-thumbnail\" alt=\"\" \/>                <\/div>\r\n                        <div class=\"ct-meta\">\r\n                <div class=\"ct-counter-number\">\r\n                                        <span class=\"ct-counter-number-value\" data-duration=\"2000\" data-to-value=\"500\">1<\/span>\r\n                                            <span class=\"ct-counter-number-suffix\">+<\/span>\r\n                                    <\/div>\r\n                                    <div class=\"ct-counter-title\">Livraison de projet<\/div>\r\n                            <\/div>\r\n        <\/div>\r\n    <\/div>\r\n<\/div>\t\t<\/div>\n\t\t\t\t<\/div>\n\t\t            <\/div>\n        <\/div>\n                            <\/div>\n        <\/section>\n                    <\/div>\n        <\/div>\n                            <\/div>\n        <\/section>\n                <section class=\"elementor-section elementor-top-section elementor-element elementor-element-95effd2 elementor-section-stretched elementor-section-boxed elementor-section-height-default elementor-section-height-default ct-header-fixed-none ct-column-none ct-row-scroll-none ct-row-gradient--none ct-row-container--default\" data-id=\"95effd2\" data-element_type=\"section\" data-settings=\"{&quot;stretch_section&quot;:&quot;section-stretched&quot;,&quot;background_background&quot;:&quot;classic&quot;}\">\n            \n                        <div class=\"elementor-container elementor-column-gap-default \">\n                    <div class=\"elementor-column elementor-col-50 elementor-top-column elementor-element elementor-element-6895c2a ct-column-none col-offset-none\" data-id=\"6895c2a\" data-element_type=\"column\">\n            <div class=\"elementor-widget-wrap elementor-element-populated\">\n                        \t\t<div class=\"elementor-element elementor-element-da48f74 bounce-2 elementor-widget elementor-widget-ct_image\" data-id=\"da48f74\" data-element_type=\"widget\" data-widget_type=\"ct_image.default\">\n\t\t\t\t<div class=\"elementor-widget-container\">\n\t\t\t<div class=\"ct-image-single   \" data-width=\"\" data-height=\"\" data-wow-delay=\"ms\">\r\n            <div class=\"ct-image-single--inner\">\r\n                            <img decoding=\"async\" width=\"77\" height=\"80\" src=\"https:\/\/dincerraf.com\/fr\/wp-content\/uploads\/2021\/11\/image-holder.png\" class=\"no-lazyload img-main attachment-full\" alt=\"\" \/>                    <\/div>\r\n    <\/div>\t\t<\/div>\n\t\t\t\t<\/div>\n\t\t\t\t<div class=\"elementor-element elementor-element-adf8418 elementor-widget elementor-widget-ct_banner\" data-id=\"adf8418\" data-element_type=\"widget\" data-widget_type=\"ct_banner.default\">\n\t\t\t\t<div class=\"elementor-widget-container\">\n\t\t\t\t<div class=\"ct-banner layout2 \" data-wow-delay=\"ms\">\r\n\t\t<div class=\"ct-banner-inner\">\r\n\t\t\t<div class=\"ct-banner-image\">\r\n\t\t\t\t<img decoding=\"async\" class=\"no-lazyload img-main \" src=\"https:\/\/dincerraf.com\/fr\/wp-content\/uploads\/2021\/11\/gallery-1.jpg\" width=\"500\" height=\"500\" alt=\"gallery-1\" title=\"gallery-1\" \/>\t\t\t<\/div>\r\n            <h4 class=\"item--title\">\r\n                Entreprise            <\/h4>\r\n            <div class=\"bg-bottom\"><\/div>\r\n\t\t<\/div>\r\n\t<\/div>\r\n\t\t<\/div>\n\t\t\t\t<\/div>\n\t\t            <\/div>\n        <\/div>\n                <div class=\"elementor-column elementor-col-50 elementor-top-column elementor-element elementor-element-3525a9b ct-column-none col-offset-none\" data-id=\"3525a9b\" data-element_type=\"column\">\n            <div class=\"elementor-widget-wrap elementor-element-populated\">\n                        \t\t<div class=\"elementor-element elementor-element-f49df60 heading-custom elementor-widget elementor-widget-ct_heading\" data-id=\"f49df60\" data-element_type=\"widget\" data-widget_type=\"ct_heading.default\">\n\t\t\t\t<div class=\"elementor-widget-container\">\n\t\t\t<div id=\"ct_heading-f49df60\" class=\"ct-heading h-align-left item-st-default\">\r\n    <div class=\"heading-wrapper\">\r\n        <div class=\"inner-heading\">\r\n                          \t            \t\t<div class=\"item--sub-title no-image-bg\">\r\n                                                <span>\r\n                            <cite>Elle a \u00e9t\u00e9 \u00e9tablie \u00e0 Izmir avec ses 20 ans d'exp\u00e9rience <\/cite>                        <\/span>\r\n                    <\/div>\r\n            \t                <h3 class=\"item--title case-animate-time st-default \" data-wow-delay=\"ms\">\r\n                    <span class=\"slide-in-container\"><span class=\"d-inline-block wow case-fade-in-up\">dans<\/span><\/span> <span class=\"slide-in-container\"><span class=\"d-inline-block wow case-fade-in-up\">la<\/span><\/span> <span class=\"slide-in-container\"><span class=\"d-inline-block wow case-fade-in-up\">d\u00e9coration<\/span><\/span> <span class=\"slide-in-container\"><span class=\"d-inline-block wow case-fade-in-up\">de<\/span><\/span> <span class=\"slide-in-container\"><span class=\"d-inline-block wow case-fade-in-up\">magasins<\/span><\/span> <span class=\"slide-in-container\"><span class=\"d-inline-block wow case-fade-in-up\">et<\/span><\/span> <span class=\"slide-in-container\"><span class=\"d-inline-block wow case-fade-in-up\">les<\/span><\/span> <span class=\"slide-in-container\"><span class=\"d-inline-block wow case-fade-in-up\">syst\u00e8mes<\/span><\/span> <span class=\"slide-in-container\"><span class=\"d-inline-block wow case-fade-in-up\">d'\u00e9tag\u00e8res<\/span><\/span> <span class=\"slide-in-container\"><span class=\"d-inline-block wow case-fade-in-up\">de<\/span><\/span> <span class=\"slide-in-container\"><span class=\"d-inline-block wow case-fade-in-up\">march\u00e9<\/span><\/span>                <\/h3>\r\n        <\/div>\r\n    <\/div>\r\n<\/div>\r\n\t\t<\/div>\n\t\t\t\t<\/div>\n\t\t        <section class=\"elementor-section elementor-inner-section elementor-element elementor-element-d9efd9a elementor-section-boxed elementor-section-height-default elementor-section-height-default ct-header-fixed-none ct-column-none ct-row-scroll-none ct-row-gradient--none ct-row-container--default\" data-id=\"d9efd9a\" data-element_type=\"section\">\n            \n                        <div class=\"elementor-container elementor-column-gap-extended \">\n                    <div class=\"elementor-column elementor-col-100 elementor-inner-column elementor-element elementor-element-3bcf6e2 ct-column-none col-offset-none\" data-id=\"3bcf6e2\" data-element_type=\"column\">\n            <div class=\"elementor-widget-wrap elementor-element-populated\">\n                        \t\t<div class=\"elementor-element elementor-element-bdbc240 elementor-widget elementor-widget-ct_list\" data-id=\"bdbc240\" data-element_type=\"widget\" data-widget_type=\"ct_list.default\">\n\t\t\t\t<div class=\"elementor-widget-container\">\n\t\t\t    <div class=\"ct-list block\">\r\n                    <div class=\"ct-list-item \">\r\n                                    <div class=\"ct-list-icon\">\r\n                        <i aria-hidden=\"true\" class=\"fas fa-angle-double-right\"><\/i>                    <\/div>\r\n                            \t<div class=\"ct-list-content\">\r\n                    \t            \t  Elle a commenc\u00e9 \u00e0 produire des syst\u00e8mes d'\u00e9tag\u00e8res de march\u00e9,                     \t            <\/div>\r\n           <\/div>\r\n                    <div class=\"ct-list-item \">\r\n                                    <div class=\"ct-list-icon\">\r\n                        <i aria-hidden=\"true\" class=\"fas fa-angle-double-right\"><\/i>                    <\/div>\r\n                            \t<div class=\"ct-list-content\">\r\n                    \t            \t  \u00e0 d\u00e9corer des magasins de d\u00e9tail dans divers domaines                    \t            <\/div>\r\n           <\/div>\r\n                    <div class=\"ct-list-item \">\r\n                                    <div class=\"ct-list-icon\">\r\n                        <i aria-hidden=\"true\" class=\"fas fa-angle-double-right\"><\/i>                    <\/div>\r\n                            \t<div class=\"ct-list-content\">\r\n                    \t            \t  et \u00e0 produire des syst\u00e8mes d'\u00e9tag\u00e8res d'entrep\u00f4t pour les zones de stockage.                    \t            <\/div>\r\n           <\/div>\r\n            <\/div>\r\n\t\t<\/div>\n\t\t\t\t<\/div>\n\t\t            <\/div>\n        <\/div>\n                            <\/div>\n        <\/section>\n        \t\t<div class=\"elementor-element elementor-element-2094a4e elementor-widget elementor-widget-ct_fancy_box\" data-id=\"2094a4e\" data-element_type=\"widget\" data-widget_type=\"ct_fancy_box.default\">\n\t\t\t\t<div class=\"elementor-widget-container\">\n\t\t\t<div id=\"ct_fancy_box-2094a4e\" class=\"ct-fancy-box ct-fancy-box-layout1 style2 \" data-wow-delay=\"ms\">\r\n    <div class=\"ct-inline-css\"  data-css=\"\r\n        \">\r\n    <\/div>\r\n    <div class=\"item--inner\">\r\n                            <div class=\"item--icon\">\r\n                <img decoding=\"async\" width=\"54\" height=\"70\" src=\"https:\/\/dincerraf.com\/fr\/wp-content\/uploads\/2021\/11\/icon-fcb_03.png\" class=\"attachment-full\" alt=\"\" \/>            <\/div>\r\n                <div class=\"item--meta\">\r\n            <h4 class=\"item--title\">\r\n                Din\u00e7er Raf a commenc\u00e9 \u00e0 fournir une \u00e9tude gratuite            <\/h4>\r\n            <div class=\"item--description\">\r\n                une conception de projet gratuite, une conception de magasin 3D, la production, l'assemblage et l'application des produits con\u00e7us et un support technique apr\u00e8s-vente pour les magasins avec son personnel technique expert.\n\nElle s'est forg\u00e9e une r\u00e9putation dans le secteur gr\u00e2ce \u00e0 son atelier de m\u00e9tallurgie, son atelier de fabrication de meubles, son atelier de production et ses aires de stockage dans un espace clos de 1000 m\u00e8tres carr\u00e9s.\n\nIl s'est consacr\u00e9 \u00e0 fournir les solutions les plus adapt\u00e9es aux besoins des clients et \u00e0 r\u00e9pondre \u00e0 ces solutions avec des produits de qualit\u00e9 dans les conditions les plus abordables.            <\/div>\r\n        <\/div>\r\n    <\/div>\r\n<\/div>\t\t<\/div>\n\t\t\t\t<\/div>\n\t\t            <\/div>\n        <\/div>\n                            <\/div>\n        <\/section>\n        \t\t\t\t\t<\/div>\n\t\t","protected":false},"excerpt":{"rendered":"<p>Nous continuons \u00e0 grandir dans le secteur ! Din\u00e7er Raf en Chiffres 200 m2 Surface Usine 1 Ans d&#8217;exp\u00e9rience 1 + Livraison de projet Entreprise Elle a \u00e9t\u00e9 \u00e9tablie \u00e0 Izmir avec ses 20 ans d&#8217;exp\u00e9rience dans la d\u00e9coration de magasins et les syst\u00e8mes d&#8217;\u00e9tag\u00e8res de march\u00e9 Elle a commenc\u00e9 \u00e0 produire des syst\u00e8mes d&#8217;\u00e9tag\u00e8res [&hellip;]<\/p>\n","protected":false},"author":1,"featured_media":0,"parent":0,"menu_order":0,"comment_status":"closed","ping_status":"closed","template":"","meta":{"footnotes":""},"class_list":["post-214","page","type-page","status-publish","hentry"],"_links":{"self":[{"href":"https:\/\/dincerraf.com\/fr\/wp-json\/wp\/v2\/pages\/214","targetHints":{"allow":["GET"]}}],"collection":[{"href":"https:\/\/dincerraf.com\/fr\/wp-json\/wp\/v2\/pages"}],"about":[{"href":"https:\/\/dincerraf.com\/fr\/wp-json\/wp\/v2\/types\/page"}],"author":[{"embeddable":true,"href":"https:\/\/dincerraf.com\/fr\/wp-json\/wp\/v2\/users\/1"}],"replies":[{"embeddable":true,"href":"https:\/\/dincerraf.com\/fr\/wp-json\/wp\/v2\/comments?post=214"}],"version-history":[{"count":11,"href":"https:\/\/dincerraf.com\/fr\/wp-json\/wp\/v2\/pages\/214\/revisions"}],"predecessor-version":[{"id":14948,"href":"https:\/\/dincerraf.com\/fr\/wp-json\/wp\/v2\/pages\/214\/revisions\/14948"}],"wp:attachment":[{"href":"https:\/\/dincerraf.com\/fr\/wp-json\/wp\/v2\/media?parent=214"}],"curies":[{"name":"wp","href":"https:\/\/api.w.org\/{rel}","templated":true}]}}