                                                                                                                {"id":216,"date":"2021-11-09T15:43:21","date_gmt":"2021-11-09T15:43:21","guid":{"rendered":"https:\/\/demo.casethemes.net\/industo\/?page_id=216"},"modified":"2023-11-02T06:53:07","modified_gmt":"2023-11-02T06:53:07","slug":"nos-services","status":"publish","type":"page","link":"https:\/\/dincerraf.com\/fr\/nos-services\/","title":{"rendered":"Nos services"},"content":{"rendered":"\t\t<div data-elementor-type=\"wp-page\" data-elementor-id=\"216\" class=\"elementor elementor-216\">\n\t\t\t\t\t\t\t        <section class=\"elementor-section elementor-top-section elementor-element elementor-element-cc9d40f elementor-section-boxed elementor-section-height-default elementor-section-height-default ct-header-fixed-none ct-column-none ct-row-scroll-none ct-row-gradient--none ct-row-container--default\" data-id=\"cc9d40f\" data-element_type=\"section\">\n            \n                        <div class=\"elementor-container elementor-column-gap-extended \">\n                    <div class=\"elementor-column elementor-col-100 elementor-top-column elementor-element elementor-element-587bcb6 ct-column-none col-offset-none\" data-id=\"587bcb6\" data-element_type=\"column\">\n            <div class=\"elementor-widget-wrap elementor-element-populated\">\n                        \t\t<div class=\"elementor-element elementor-element-4b8300f elementor-widget elementor-widget-ct_service_grid\" data-id=\"4b8300f\" data-element_type=\"widget\" data-widget_type=\"ct_service_grid.default\">\n\t\t\t\t<div class=\"elementor-widget-container\">\n\t\t\t\r\n<div id=\"ct_service_grid-4b8300f\" class=\"ct-grid ct-service-grid2\" data-layout=\"masonry\" data-start-page=\"1\" data-max-pages=\"1\" data-total=\"6\" data-perpage=\"8\" data-next-link=\"\">\r\n    \r\n    <div class=\"ct-grid-inner ct-grid-masonry row animate-time\" data-gutter=\"15\">\r\n                            <div class=\"grid-item col-xl-4 col-lg-4 col-md-6 col-sm-6 col-12 \">\r\n                        <div class=\"grid-item-inner \" data-wow-duration=\"1.2s\"> \r\n                            <div class=\"item--featured\" style=\"background-image: url(https:\/\/dincerraf.com\/fr\/wp-content\/uploads\/2022\/05\/bg-slide-5.jpg);\"><\/div>\r\n                            <div class=\"item--body\">\r\n                                                                    <span class=\"item-number item-number1\">01<\/span>    \r\n                                                                                                    <div class=\"item--icon\"><i class=\"flaticon-gear\"><\/i><\/div>\r\n                                                                                                                                    <h3 class=\"item--title\">\r\n                                        <a href=\"https:\/\/dincerraf.com\/fr\/decoration\/etude-gratuite\/\">                                            ETUDE GRATUITE                                        <\/a>                                    <\/h3>\r\n                                                                                                        <div class=\"item--content\">\r\n                                            Vous souhaitez d\u00e9corer votre magasin. Nous effectuons des mesures sur place et \u00e9tablissons une liste des besoins gratuitement.                                        <\/div>\r\n                                                                                                        <div class=\"item-readmore\">\r\n                                        <a class=\"btn-readmore\" href=\"https:\/\/dincerraf.com\/fr\/decoration\/etude-gratuite\/\"><i class=\"caseicon-long-arrow-right-three\"><\/i><\/a>\r\n                                        <a class=\"btn-holder\" href=\"https:\/\/dincerraf.com\/fr\/decoration\/etude-gratuite\/\">Ke\u015ffet<i class=\"caseicon-long-arrow-right-three\"><\/i><\/a>\r\n                                    <\/div>\r\n                                                            <\/div>\r\n                        <\/div>\r\n                    <\/div>\r\n                                    <div class=\"grid-item col-xl-4 col-lg-4 col-md-6 col-sm-6 col-12 \">\r\n                        <div class=\"grid-item-inner \" data-wow-duration=\"1.2s\"> \r\n                            <div class=\"item--featured\" style=\"background-image: url(https:\/\/dincerraf.com\/fr\/wp-content\/uploads\/2021\/11\/service-12.jpg);\"><\/div>\r\n                            <div class=\"item--body\">\r\n                                                                    <span class=\"item-number item-number1\">02<\/span>    \r\n                                                                                                    <div class=\"item--icon\"><i class=\"flaticon-engineering\"><\/i><\/div>\r\n                                                                                                                                    <h3 class=\"item--title\">\r\n                                        <a href=\"https:\/\/dincerraf.com\/fr\/decoration\/conception-de-projet-gratuite\/\">                                            CONCEPTION DE PROJET GRATUITE                                        <\/a>                                    <\/h3>\r\n                                                                                                        <div class=\"item--content\">\r\n                                            Nous faisons une visite, nous prenons les mesures. Forts de nos 20 ans d'exp\u00e9rience dans le secteur, nous concevons avec vous votre magasin et nous\u2026                                        <\/div>\r\n                                                                                                        <div class=\"item-readmore\">\r\n                                        <a class=\"btn-readmore\" href=\"https:\/\/dincerraf.com\/fr\/decoration\/conception-de-projet-gratuite\/\"><i class=\"caseicon-long-arrow-right-three\"><\/i><\/a>\r\n                                        <a class=\"btn-holder\" href=\"https:\/\/dincerraf.com\/fr\/decoration\/conception-de-projet-gratuite\/\">Ke\u015ffet<i class=\"caseicon-long-arrow-right-three\"><\/i><\/a>\r\n                                    <\/div>\r\n                                                            <\/div>\r\n                        <\/div>\r\n                    <\/div>\r\n                                    <div class=\"grid-item col-xl-4 col-lg-4 col-md-6 col-sm-6 col-12 \">\r\n                        <div class=\"grid-item-inner \" data-wow-duration=\"1.2s\"> \r\n                            <div class=\"item--featured\" style=\"background-image: url(https:\/\/dincerraf.com\/fr\/wp-content\/uploads\/2021\/11\/ayakkabimagazadekorasyonu2.jpg);\"><\/div>\r\n                            <div class=\"item--body\">\r\n                                                                    <span class=\"item-number item-number1\">03<\/span>    \r\n                                                                                                    <div class=\"item--icon\"><i class=\"flaticon-eco-factory-1\"><\/i><\/div>\r\n                                                                                                                                    <h3 class=\"item--title\">\r\n                                        <a href=\"https:\/\/dincerraf.com\/fr\/decoration\/conception-3d\/\">                                            CONCEPTION 3D                                        <\/a>                                    <\/h3>\r\n                                                                                                        <div class=\"item--content\">\r\n                                            A quoi va ressembler mon magasin ? Ne vous en faites pas. Notre \u00e9quipe d\u2019ing\u00e9nieur con\u00e7oit votre magasin en 3D selon vos d\u00e9sirs. Si vous\u2026                                        <\/div>\r\n                                                                                                        <div class=\"item-readmore\">\r\n                                        <a class=\"btn-readmore\" href=\"https:\/\/dincerraf.com\/fr\/decoration\/conception-3d\/\"><i class=\"caseicon-long-arrow-right-three\"><\/i><\/a>\r\n                                        <a class=\"btn-holder\" href=\"https:\/\/dincerraf.com\/fr\/decoration\/conception-3d\/\">Ke\u015ffet<i class=\"caseicon-long-arrow-right-three\"><\/i><\/a>\r\n                                    <\/div>\r\n                                                            <\/div>\r\n                        <\/div>\r\n                    <\/div>\r\n                                    <div class=\"grid-item col-xl-4 col-lg-4 col-md-6 col-sm-6 col-12 \">\r\n                        <div class=\"grid-item-inner \" data-wow-duration=\"1.2s\"> \r\n                            <div class=\"item--featured\" style=\"background-image: url(https:\/\/dincerraf.com\/fr\/wp-content\/uploads\/2021\/11\/service-11.jpg);\"><\/div>\r\n                            <div class=\"item--body\">\r\n                                                                    <span class=\"item-number item-number1\">04<\/span>    \r\n                                                                                                    <div class=\"item--icon\"><i class=\"flaticon-excavator\"><\/i><\/div>\r\n                                                                                                                                    <h3 class=\"item--title\">\r\n                                        <a href=\"https:\/\/dincerraf.com\/fr\/decoration\/fabrication-de-materiel\/\">                                            FABRICATION DE MAT\u00c9RIEL                                        <\/a>                                    <\/h3>\r\n                                                                                                        <div class=\"item--content\">\r\n                                            Notre \u00e9quipe de production a commenc\u00e9 \u00e0 fabriquer vos produits avec des mat\u00e9riaux de la plus haute qualit\u00e9. Ne vous inqui\u00e9tez pas. Nous commencerons l'installation\u2026                                        <\/div>\r\n                                                                                                        <div class=\"item-readmore\">\r\n                                        <a class=\"btn-readmore\" href=\"https:\/\/dincerraf.com\/fr\/decoration\/fabrication-de-materiel\/\"><i class=\"caseicon-long-arrow-right-three\"><\/i><\/a>\r\n                                        <a class=\"btn-holder\" href=\"https:\/\/dincerraf.com\/fr\/decoration\/fabrication-de-materiel\/\">Ke\u015ffet<i class=\"caseicon-long-arrow-right-three\"><\/i><\/a>\r\n                                    <\/div>\r\n                                                            <\/div>\r\n                        <\/div>\r\n                    <\/div>\r\n                                    <div class=\"grid-item col-xl-4 col-lg-4 col-md-6 col-sm-6 col-12 \">\r\n                        <div class=\"grid-item-inner \" data-wow-duration=\"1.2s\"> \r\n                            <div class=\"item--featured\" style=\"background-image: url(https:\/\/dincerraf.com\/fr\/wp-content\/uploads\/2021\/11\/service-12.jpg);\"><\/div>\r\n                            <div class=\"item--body\">\r\n                                                                    <span class=\"item-number item-number1\">05<\/span>    \r\n                                                                                                    <div class=\"item--icon\"><i class=\"flaticon-plumbing\"><\/i><\/div>\r\n                                                                                                                                    <h3 class=\"item--title\">\r\n                                        <a href=\"https:\/\/dincerraf.com\/fr\/decoration\/installation-application\/\">                                            INSTALLATION \u2013 APPLICATION                                        <\/a>                                    <\/h3>\r\n                                                                                                        <div class=\"item--content\">\r\n                                            Maintenant nous sommes dans votre magasin, notre \u00e9quipe technique installera tous les produits comme dans la conception en peu de temps. Vous pouvez pr\u00e9voir de\u2026                                        <\/div>\r\n                                                                                                        <div class=\"item-readmore\">\r\n                                        <a class=\"btn-readmore\" href=\"https:\/\/dincerraf.com\/fr\/decoration\/installation-application\/\"><i class=\"caseicon-long-arrow-right-three\"><\/i><\/a>\r\n                                        <a class=\"btn-holder\" href=\"https:\/\/dincerraf.com\/fr\/decoration\/installation-application\/\">Ke\u015ffet<i class=\"caseicon-long-arrow-right-three\"><\/i><\/a>\r\n                                    <\/div>\r\n                                                            <\/div>\r\n                        <\/div>\r\n                    <\/div>\r\n                                    <div class=\"grid-item col-xl-4 col-lg-4 col-md-6 col-sm-6 col-12 \">\r\n                        <div class=\"grid-item-inner \" data-wow-duration=\"1.2s\"> \r\n                            <div class=\"item--featured\" style=\"background-image: url(https:\/\/dincerraf.com\/fr\/wp-content\/uploads\/2021\/11\/service-12.jpg);\"><\/div>\r\n                            <div class=\"item--body\">\r\n                                                                    <span class=\"item-number item-number1\">06<\/span>    \r\n                                                                                                    <div class=\"item--icon\"><i class=\"flaticon-worker\"><\/i><\/div>\r\n                                                                                                                                    <h3 class=\"item--title\">\r\n                                        <a href=\"https:\/\/dincerraf.com\/fr\/decoration\/2-ans-de-service-gratuit\/\">                                            2 ANS DE SERVICE GRATUIT                                        <\/a>                                    <\/h3>\r\n                                                                                                        <div class=\"item--content\">\r\n                                            Pendant deux ans, nous sommes avec vous pour vos besoins avec des produits suppl\u00e9mentaires. Profitez des privil\u00e8ges d'\u00eatre un client Din\u00e7er Raf.                                        <\/div>\r\n                                                                                                        <div class=\"item-readmore\">\r\n                                        <a class=\"btn-readmore\" href=\"https:\/\/dincerraf.com\/fr\/decoration\/2-ans-de-service-gratuit\/\"><i class=\"caseicon-long-arrow-right-three\"><\/i><\/a>\r\n                                        <a class=\"btn-holder\" href=\"https:\/\/dincerraf.com\/fr\/decoration\/2-ans-de-service-gratuit\/\">Ke\u015ffet<i class=\"caseicon-long-arrow-right-three\"><\/i><\/a>\r\n                                    <\/div>\r\n                                                            <\/div>\r\n                        <\/div>\r\n                    <\/div>\r\n                                    <div class=\"grid-sizer col-xl-4 col-lg-4 col-md-6 col-sm-6 col-12\"><\/div>\r\n            <\/div>\r\n        <\/div>\t\t<\/div>\n\t\t\t\t<\/div>\n\t\t            <\/div>\n        <\/div>\n                            <\/div>\n        <\/section>\n                <section class=\"elementor-section elementor-top-section elementor-element elementor-element-e63aa1f elementor-section-stretched elementor-section-boxed elementor-section-height-default elementor-section-height-default ct-header-fixed-none ct-column-none ct-row-scroll-none ct-row-gradient--none ct-row-container--default\" data-id=\"e63aa1f\" data-element_type=\"section\" data-settings=\"{&quot;stretch_section&quot;:&quot;section-stretched&quot;,&quot;background_background&quot;:&quot;classic&quot;}\">\n            \n                        <div class=\"elementor-container elementor-column-gap-extended \">\n                    <div class=\"elementor-column elementor-col-100 elementor-top-column elementor-element elementor-element-36f4f2b ct-column-none col-offset-none\" data-id=\"36f4f2b\" data-element_type=\"column\">\n            <div class=\"elementor-widget-wrap elementor-element-populated\">\n                        \t\t<div class=\"elementor-element elementor-element-4548ff1 elementor-widget elementor-widget-ct_banner_poster\" data-id=\"4548ff1\" data-element_type=\"widget\" data-widget_type=\"ct_banner_poster.default\">\n\t\t\t\t<div class=\"elementor-widget-container\">\n\t\t\t\t<div class=\"ct-banner-poster layout1 \" data-wow-delay=\"ms\">\r\n\t\t<div class=\"ct-banner-inner\">\r\n            <div class=\"ct-circle circle1 bounce-2\"><\/div>\r\n            <div class=\"ct-circle circle2\"><\/div>\r\n\t\t\t<div class=\"ct-bg-image\" style=\"background-image: url(https:\/\/demo.casethemes.net\/industo\/wp-content\/uploads\/2021\/11\/bg-banner-poster.jpg);\"><\/div>\r\n            <div class=\"box-content\">\r\n                <h4 class=\"ct--title\">\r\n                    20+ Y\u0131ll\u0131k Tecr\u00fcbemiz ile;\nHizmete Haz\u0131r\u0131z!                <\/h4>\r\n                <div class=\"list-meta\">\r\n                                            <div class=\"item-box\">\r\n                            <a href=\"http:\/\/dincerraf.com\/iletisim\/\" target=\"_blank\" class=\"btn btn-primary\">\r\n                                \u00dccretsiz Teklif Al\u0131n!                            <\/a>\r\n                        <\/div>\r\n                                                            <div class=\"item-box\">\r\n                        <label>Hemen Aray\u0131n<\/label>\r\n                        <a class=\"btn-phone\" href=\"tel:05321510477\">\r\n                            0532 151 04 77                        <\/a>\r\n                    <\/div>\r\n                <\/div>\r\n            <\/div>\r\n                            <div class=\"box-feature\">\r\n                    <img decoding=\"async\" width=\"324\" height=\"280\" src=\"https:\/\/dincerraf.com\/fr\/wp-content\/uploads\/2021\/11\/Image4.png\" class=\"attachment-full\" alt=\"\" \/>        \r\n                <\/div>\r\n            \t\t<\/div>\r\n\t<\/div>\r\n\t\t<\/div>\n\t\t\t\t<\/div>\n\t\t        <section class=\"elementor-section elementor-inner-section elementor-element elementor-element-fdd68a0 elementor-section-boxed elementor-section-height-default elementor-section-height-default ct-header-fixed-none ct-column-none ct-row-scroll-none ct-row-gradient--none ct-row-container--default\" data-id=\"fdd68a0\" data-element_type=\"section\">\n            \n                        <div class=\"elementor-container elementor-column-gap-extended \">\n                    <div class=\"elementor-column elementor-col-50 elementor-inner-column elementor-element elementor-element-c9b0ddb ct-column-none col-offset-none\" data-id=\"c9b0ddb\" data-element_type=\"column\">\n            <div class=\"elementor-widget-wrap elementor-element-populated\">\n                        \t\t<div class=\"elementor-element elementor-element-ae56084 elementor-widget elementor-widget-ct_heading\" data-id=\"ae56084\" data-element_type=\"widget\" data-widget_type=\"ct_heading.default\">\n\t\t\t\t<div class=\"elementor-widget-container\">\n\t\t\t<div id=\"ct_heading-ae56084\" class=\"ct-heading h-align-left item-st-default\">\r\n    <div class=\"heading-wrapper\">\r\n        <div class=\"inner-heading\">\r\n                          \t            \t\t<div class=\"item--sub-title no-image-bg\">\r\n                                                <span>\r\n                            Din\u00e7er Raf Olarak;                        <\/span>\r\n                    <\/div>\r\n            \t                <h3 class=\"item--title case-animate-time st-default \" data-wow-delay=\"ms\">\r\n                    <span class=\"slide-in-container\"><span class=\"d-inline-block wow case-fade-in-up\">1000m2<\/span><\/span> <span class=\"slide-in-container\"><span class=\"d-inline-block wow case-fade-in-up\">Kapal\u0131<\/span><\/span> <span class=\"slide-in-container\"><span class=\"d-inline-block wow case-fade-in-up\">Alan\u0131m\u0131zda<\/span><\/span> <span class=\"slide-in-container\"><span class=\"d-inline-block wow case-fade-in-up\">Hizmetinizdeyiz!<\/span><\/span>                <\/h3>\r\n        <\/div>\r\n    <\/div>\r\n<\/div>\r\n\t\t<\/div>\n\t\t\t\t<\/div>\n\t\t\t\t<div class=\"elementor-element elementor-element-59c908b elementor-widget elementor-widget-ct_process\" data-id=\"59c908b\" data-element_type=\"widget\" data-widget_type=\"ct_process.default\">\n\t\t\t\t<div class=\"elementor-widget-container\">\n\t\t\t    <div class=\"ct-process\">\r\n                    <div class=\"ct-process-item wow fadeInUp\">\r\n                                    <div class=\"ct--number\">\r\n                        <span>01<\/span>        \r\n                    <\/div>\r\n                            \t<div class=\"ct--content\">\r\n                    <h4 class=\"entry--title\">Depolama Alanlar\u0131<\/h4>\r\n\t            \t<div class=\"entry--excerpt\">\r\n                              \r\n                    <\/div>  \r\n\t            <\/div>\r\n           <\/div>\r\n                    <div class=\"ct-process-item wow fadeInUp\">\r\n                                    <div class=\"ct--number\">\r\n                        <span>02<\/span>        \r\n                    <\/div>\r\n                            \t<div class=\"ct--content\">\r\n                    <h4 class=\"entry--title\">Market Raf Sistemleri<\/h4>\r\n\t            \t<div class=\"entry--excerpt\">\r\n                              \r\n                    <\/div>  \r\n\t            <\/div>\r\n           <\/div>\r\n                    <div class=\"ct-process-item wow fadeInUp\">\r\n                                    <div class=\"ct--number\">\r\n                        <span>03<\/span>        \r\n                    <\/div>\r\n                            \t<div class=\"ct--content\">\r\n                    <h4 class=\"entry--title\">Ma\u011faza Dekorasyonlar\u0131<\/h4>\r\n\t            \t<div class=\"entry--excerpt\">\r\n                              \r\n                    <\/div>  \r\n\t            <\/div>\r\n           <\/div>\r\n            <\/div>\r\n\t\t<\/div>\n\t\t\t\t<\/div>\n\t\t            <\/div>\n        <\/div>\n                <div class=\"elementor-column elementor-col-50 elementor-inner-column elementor-element elementor-element-8f4ff97 ct-column-none col-offset-none\" data-id=\"8f4ff97\" data-element_type=\"column\">\n            <div class=\"elementor-widget-wrap elementor-element-populated\">\n                        \t\t<div class=\"elementor-element elementor-element-e0428a5 elementor-widget elementor-widget-ct_banner\" data-id=\"e0428a5\" data-element_type=\"widget\" data-widget_type=\"ct_banner.default\">\n\t\t\t\t<div class=\"elementor-widget-container\">\n\t\t\t\t<div class=\"ct-banner layout1 \" data-wow-delay=\"ms\">\r\n\t\t<div class=\"ct-banner-inner\">\r\n\t\t\t<div class=\"ct-banner-image\">\r\n\t\t\t\t<img decoding=\"async\" class=\"\" src=\"https:\/\/dincerraf.com\/fr\/wp-content\/uploads\/2022\/06\/agiryukdeporafsistemleri-500x432.jpg\" width=\"500\" height=\"432\" alt=\"agiryukdeporafsistemleri\" title=\"agiryukdeporafsistemleri\" \/>\t\t\t<\/div>\r\n                            <div class=\"ct-image-small\">\r\n                    <div class=\"inner-image-small\">\r\n                        <img decoding=\"async\" class=\"\" src=\"https:\/\/dincerraf.com\/fr\/wp-content\/uploads\/2022\/06\/ayakkabimagazadekorasyonu4-2-270x220.jpg\" width=\"270\" height=\"220\" alt=\"ayakkabimagazadekorasyonu4\" title=\"ayakkabimagazadekorasyonu4\" \/>        \r\n                    <\/div>\r\n                <\/div>\r\n                                        <div class=\"ct-image-small2\">\r\n                    <div class=\"inner-image-small\">\r\n                        <img decoding=\"async\" class=\"\" src=\"https:\/\/dincerraf.com\/fr\/wp-content\/uploads\/2022\/06\/eczanemagazadekorasyonu7-320x220.jpg\" width=\"320\" height=\"220\" alt=\"eczanemagazadekorasyonu7\" title=\"eczanemagazadekorasyonu7\" \/>        \r\n                    <\/div>\r\n                <\/div>\r\n            \t\t<\/div>\r\n\t<\/div>\r\n\t\t<\/div>\n\t\t\t\t<\/div>\n\t\t            <\/div>\n        <\/div>\n                            <\/div>\n        <\/section>\n                    <\/div>\n        <\/div>\n                            <\/div>\n        <\/section>\n        \t\t\t\t\t<\/div>\n\t\t","protected":false},"excerpt":{"rendered":"<p>01 ETUDE GRATUITE Vous souhaitez d\u00e9corer votre magasin. Nous effectuons des mesures sur place et \u00e9tablissons une liste des besoins gratuitement. Ke\u015ffet 02 CONCEPTION DE PROJET GRATUITE Nous faisons une visite, nous prenons les mesures. Forts de nos 20 ans d&#8217;exp\u00e9rience dans le secteur, nous concevons avec vous votre magasin et nous\u2026 Ke\u015ffet 03 CONCEPTION [&hellip;]<\/p>\n","protected":false},"author":1,"featured_media":0,"parent":0,"menu_order":0,"comment_status":"closed","ping_status":"closed","template":"","meta":{"footnotes":""},"class_list":["post-216","page","type-page","status-publish","hentry"],"_links":{"self":[{"href":"https:\/\/dincerraf.com\/fr\/wp-json\/wp\/v2\/pages\/216","targetHints":{"allow":["GET"]}}],"collection":[{"href":"https:\/\/dincerraf.com\/fr\/wp-json\/wp\/v2\/pages"}],"about":[{"href":"https:\/\/dincerraf.com\/fr\/wp-json\/wp\/v2\/types\/page"}],"author":[{"embeddable":true,"href":"https:\/\/dincerraf.com\/fr\/wp-json\/wp\/v2\/users\/1"}],"replies":[{"embeddable":true,"href":"https:\/\/dincerraf.com\/fr\/wp-json\/wp\/v2\/comments?post=216"}],"version-history":[{"count":8,"href":"https:\/\/dincerraf.com\/fr\/wp-json\/wp\/v2\/pages\/216\/revisions"}],"predecessor-version":[{"id":15143,"href":"https:\/\/dincerraf.com\/fr\/wp-json\/wp\/v2\/pages\/216\/revisions\/15143"}],"wp:attachment":[{"href":"https:\/\/dincerraf.com\/fr\/wp-json\/wp\/v2\/media?parent=216"}],"curies":[{"name":"wp","href":"https:\/\/api.w.org\/{rel}","templated":true}]}}