                                                                                                                {"id":527,"date":"2021-11-12T05:13:31","date_gmt":"2021-11-12T05:13:31","guid":{"rendered":"https:\/\/demo.casethemes.net\/industo\/?page_id=527"},"modified":"2024-05-28T10:42:44","modified_gmt":"2024-05-28T10:42:44","slug":"contact","status":"publish","type":"page","link":"https:\/\/dincerraf.com\/fr\/contact\/","title":{"rendered":"Contact"},"content":{"rendered":"\t\t<div data-elementor-type=\"wp-page\" data-elementor-id=\"527\" class=\"elementor elementor-527\">\n\t\t\t\t\t\t\t        <section class=\"elementor-section elementor-top-section elementor-element elementor-element-89c9812 elementor-section-stretched elementor-section-boxed elementor-section-height-default elementor-section-height-default ct-header-fixed-none ct-column-none ct-row-scroll-none ct-row-gradient--none ct-row-container--default\" data-id=\"89c9812\" data-element_type=\"section\" data-settings=\"{&quot;stretch_section&quot;:&quot;section-stretched&quot;}\">\n            \n                        <div class=\"elementor-container elementor-column-gap-extended \">\n                    <div class=\"elementor-column elementor-col-100 elementor-top-column elementor-element elementor-element-2ba1be0 ct-column-none col-offset-none\" data-id=\"2ba1be0\" data-element_type=\"column\">\n            <div class=\"elementor-widget-wrap elementor-element-populated\">\n                        \t\t<div class=\"elementor-element elementor-element-6caf3df elementor-widget elementor-widget-ct_heading\" data-id=\"6caf3df\" data-element_type=\"widget\" data-widget_type=\"ct_heading.default\">\n\t\t\t\t<div class=\"elementor-widget-container\">\n\t\t\t<div id=\"ct_heading-6caf3df\" class=\"ct-heading h-align-center item-st-default\">\r\n    <div class=\"heading-wrapper\">\r\n        <div class=\"inner-heading\">\r\n                          \t                <h3 class=\"item--title case-animate-time st-default \" data-wow-delay=\"ms\">\r\n                    <span>Nous ne sommes qu&#8217;\u00e0 un coup de t\u00e9l\u00e9phone&#8230;<\/span>                <\/h3>\r\n        <\/div>\r\n    <\/div>\r\n<\/div>\r\n\t\t<\/div>\n\t\t\t\t<\/div>\n\t\t        <section class=\"elementor-section elementor-inner-section elementor-element elementor-element-6aab44c elementor-section-boxed elementor-section-height-default elementor-section-height-default ct-header-fixed-none ct-column-none ct-row-scroll-none ct-row-gradient--none ct-row-container--default\" data-id=\"6aab44c\" data-element_type=\"section\">\n            \n                        <div class=\"elementor-container elementor-column-gap-extended \">\n                    <div class=\"elementor-column elementor-col-33 elementor-inner-column elementor-element elementor-element-942afde ct-column-none col-offset-none\" data-id=\"942afde\" data-element_type=\"column\">\n            <div class=\"elementor-widget-wrap elementor-element-populated\">\n                        \t\t<div class=\"elementor-element elementor-element-7e1d60e elementor-widget elementor-widget-ct_info_box\" data-id=\"7e1d60e\" data-element_type=\"widget\" data-widget_type=\"ct_info_box.default\">\n\t\t\t\t<div class=\"elementor-widget-container\">\n\t\t\t\r\n<div id=\"ct_info_box-7e1d60e\" class=\"ct-info-box layout1 wow fadeInUp\" data-wow-delay=\"ms\">\r\n    <div class=\"inner-box\">\r\n        <div class=\"meta-box\">\r\n                            <div class=\"item--icon icon-right-from-Left\">\r\n                    <i aria-hidden=\"true\" class=\"flaticon flaticon-eco-factory\"><\/i>                <\/div>\r\n                                    <div class=\"item--meta\">\r\n                <h3 class=\"item--title\">\r\n                    Usine                <\/h3>\r\n                <div class=\"sub-title\">\r\n                    Sazyolu Cad No:10 Yaz\u0131ba\u015f\u0131, Torbal\u0131 \/ \u0130ZM\u0130R                <\/div>\r\n            <\/div>\r\n        <\/div>\r\n                    <ul class=\"list-row\">\r\n                                        <li class=\"item--contact-info\">\r\n                            <a href=\"tel:08502272024\">                                <span class=\"ct-contact-content\">\r\n                                   +90 232 853 27 77                                <\/span>\r\n                            <\/a>                       <\/li>\r\n                                        <li class=\"item--contact-info\">\r\n                            <a href=\"tel:+905439338967\">                                <span class=\"ct-contact-content\">\r\n                                   +90 543 933 89 67                                <\/span>\r\n                            <\/a>                       <\/li>\r\n                                        <li class=\"item--contact-info\">\r\n                                                            <span class=\"ct-contact-content\">\r\n                                   info@dincerraf.com                                <\/span>\r\n                                                   <\/li>\r\n                            <\/ul>\r\n            <\/div>\r\n<\/div>\t\t<\/div>\n\t\t\t\t<\/div>\n\t\t\t\t<div class=\"elementor-element elementor-element-2c0cc52 elementor-widget elementor-widget-google_maps\" data-id=\"2c0cc52\" data-element_type=\"widget\" data-widget_type=\"google_maps.default\">\n\t\t\t\t<div class=\"elementor-widget-container\">\n\t\t\t<style>\/*! elementor - v3.6.5 - 27-04-2022 *\/\n.elementor-widget-google_maps .elementor-widget-container{overflow:hidden}.elementor-widget-google_maps iframe{height:300px}<\/style>\t\t<div class=\"elementor-custom-embed\">\n\t\t\t<iframe frameborder=\"0\" scrolling=\"no\" marginheight=\"0\" marginwidth=\"0\"\n\t\t\t\t\tsrc=\"https:\/\/maps.google.com\/maps?q=Saz%20Yolu%20Cd.29%20Ekim%2CNo%3A10%2035875%20Torbal%C4%B1%2F%C4%B0zmir&#038;t=m&#038;z=15&#038;output=embed&#038;iwloc=near\"\n\t\t\t\t\ttitle=\"Saz Yolu Cd.29 Ekim,No:10 35875 Torbal\u0131\/\u0130zmir\"\n\t\t\t\t\taria-label=\"Saz Yolu Cd.29 Ekim,No:10 35875 Torbal\u0131\/\u0130zmir\"\n\t\t\t><\/iframe>\n\t\t<\/div>\n\t\t\t\t<\/div>\n\t\t\t\t<\/div>\n\t\t            <\/div>\n        <\/div>\n                <div class=\"elementor-column elementor-col-33 elementor-inner-column elementor-element elementor-element-091a81d ct-column-none col-offset-none\" data-id=\"091a81d\" data-element_type=\"column\">\n            <div class=\"elementor-widget-wrap elementor-element-populated\">\n                        \t\t<div class=\"elementor-element elementor-element-601f57b elementor-widget elementor-widget-ct_info_box\" data-id=\"601f57b\" data-element_type=\"widget\" data-widget_type=\"ct_info_box.default\">\n\t\t\t\t<div class=\"elementor-widget-container\">\n\t\t\t\r\n<div id=\"ct_info_box-601f57b\" class=\"ct-info-box layout1 wow fadeInUp\" data-wow-delay=\"ms\">\r\n    <div class=\"inner-box\">\r\n        <div class=\"meta-box\">\r\n                            <div class=\"item--icon icon-shakeThatBooty\">\r\n                    <i aria-hidden=\"true\" class=\"far fa-building\"><\/i>                <\/div>\r\n                                    <div class=\"item--meta\">\r\n                <h3 class=\"item--title\">\r\n                    Succursale de Konak                <\/h3>\r\n                <div class=\"sub-title\">\r\n                    E\u015frefpa\u015fa caddesi No: 80\/B \u0130ki\u00e7e\u015fmelik Konak \/ \u0130zmir                <\/div>\r\n            <\/div>\r\n        <\/div>\r\n                    <ul class=\"list-row\">\r\n                                        <li class=\"item--contact-info\">\r\n                            <a href=\"tel:+902324830446\">                                <span class=\"ct-contact-content\">\r\n                                   +90 232 483 04 46                                <\/span>\r\n                            <\/a>                       <\/li>\r\n                                        <li class=\"item--contact-info\">\r\n                            <a href=\"tel:+905321510477\">                                <span class=\"ct-contact-content\">\r\n                                   +90 532 151 04 77                                <\/span>\r\n                            <\/a>                       <\/li>\r\n                                        <li class=\"item--contact-info\">\r\n                                                            <span class=\"ct-contact-content\">\r\n                                   info@dincerraf.com                                <\/span>\r\n                                                   <\/li>\r\n                            <\/ul>\r\n            <\/div>\r\n<\/div>\t\t<\/div>\n\t\t\t\t<\/div>\n\t\t\t\t<div class=\"elementor-element elementor-element-d840e3f elementor-widget elementor-widget-google_maps\" data-id=\"d840e3f\" data-element_type=\"widget\" data-widget_type=\"google_maps.default\">\n\t\t\t\t<div class=\"elementor-widget-container\">\n\t\t\t\t\t<div class=\"elementor-custom-embed\">\n\t\t\t<iframe frameborder=\"0\" scrolling=\"no\" marginheight=\"0\" marginwidth=\"0\"\n\t\t\t\t\tsrc=\"https:\/\/maps.google.com\/maps?q=E%C5%9Frefpa%C5%9Fa%20caddesi%20No%3A%2080%2FB%20%C4%B0ki%C3%A7e%C5%9Fmelik%20Konak%20%2F%20%C4%B0zmir&#038;t=m&#038;z=15&#038;output=embed&#038;iwloc=near\"\n\t\t\t\t\ttitle=\"E\u015frefpa\u015fa caddesi No: 80\/B \u0130ki\u00e7e\u015fmelik Konak \/ \u0130zmir\"\n\t\t\t\t\taria-label=\"E\u015frefpa\u015fa caddesi No: 80\/B \u0130ki\u00e7e\u015fmelik Konak \/ \u0130zmir\"\n\t\t\t><\/iframe>\n\t\t<\/div>\n\t\t\t\t<\/div>\n\t\t\t\t<\/div>\n\t\t            <\/div>\n        <\/div>\n                <div class=\"elementor-column elementor-col-33 elementor-inner-column elementor-element elementor-element-7064431 ct-column-none col-offset-none\" data-id=\"7064431\" data-element_type=\"column\">\n            <div class=\"elementor-widget-wrap elementor-element-populated\">\n                        \t\t<div class=\"elementor-element elementor-element-20b6cfc elementor-widget elementor-widget-ct_info_box\" data-id=\"20b6cfc\" data-element_type=\"widget\" data-widget_type=\"ct_info_box.default\">\n\t\t\t\t<div class=\"elementor-widget-container\">\n\t\t\t\r\n<div id=\"ct_info_box-20b6cfc\" class=\"ct-info-box layout1 wow fadeInUp\" data-wow-delay=\"ms\">\r\n    <div class=\"inner-box\">\r\n        <div class=\"meta-box\">\r\n                            <div class=\"item--icon icon-Scale-Delay\">\r\n                    <i aria-hidden=\"true\" class=\"fas fa-building\"><\/i>                <\/div>\r\n                                    <div class=\"item--meta\">\r\n                <h3 class=\"item--title\">\r\n                    Succursale de Karaba\u011flar                <\/h3>\r\n                <div class=\"sub-title\">\r\n                    Ayd\u0131n Mah. Ye\u015fillik Cd. No:519\/E Karaba\u011flar \/ \u0130zmir\n                <\/div>\r\n            <\/div>\r\n        <\/div>\r\n                    <ul class=\"list-row\">\r\n                                        <li class=\"item--contact-info\">\r\n                            <a href=\"tel:+905419443549\">                                <span class=\"ct-contact-content\">\r\n                                   +90 541 944 35 49\n                                <\/span>\r\n                            <\/a>                       <\/li>\r\n                                        <li class=\"item--contact-info\">\r\n                            <a href=\"+905321510477\">                                <span class=\"ct-contact-content\">\r\n                                   +90 532 151 04 77\n                                <\/span>\r\n                            <\/a>                       <\/li>\r\n                                        <li class=\"item--contact-info\">\r\n                                                            <span class=\"ct-contact-content\">\r\n                                   info@dincerraf.com                                <\/span>\r\n                                                   <\/li>\r\n                            <\/ul>\r\n            <\/div>\r\n<\/div>\t\t<\/div>\n\t\t\t\t<\/div>\n\t\t\t\t<div class=\"elementor-element elementor-element-1eb0c74 elementor-widget elementor-widget-google_maps\" data-id=\"1eb0c74\" data-element_type=\"widget\" data-widget_type=\"google_maps.default\">\n\t\t\t\t<div class=\"elementor-widget-container\">\n\t\t\t\t\t<div class=\"elementor-custom-embed\">\n\t\t\t<iframe frameborder=\"0\" scrolling=\"no\" marginheight=\"0\" marginwidth=\"0\"\n\t\t\t\t\tsrc=\"https:\/\/maps.google.com\/maps?q=Ayd%C4%B1n%20Mah.%20Ye%C5%9Fillik%20Cd.%20No%3A519%2FE%20Karaba%C4%9Flar%20%2F%20%C4%B0zmir&#038;t=m&#038;z=15&#038;output=embed&#038;iwloc=near\"\n\t\t\t\t\ttitle=\"Ayd\u0131n Mah. Ye\u015fillik Cd. No:519\/E Karaba\u011flar \/ \u0130zmir\"\n\t\t\t\t\taria-label=\"Ayd\u0131n Mah. Ye\u015fillik Cd. No:519\/E Karaba\u011flar \/ \u0130zmir\"\n\t\t\t><\/iframe>\n\t\t<\/div>\n\t\t\t\t<\/div>\n\t\t\t\t<\/div>\n\t\t            <\/div>\n        <\/div>\n                            <\/div>\n        <\/section>\n                    <\/div>\n        <\/div>\n                            <\/div>\n        <\/section>\n                <section class=\"elementor-section elementor-top-section elementor-element elementor-element-ae56fd5 elementor-section-stretched elementor-section-boxed elementor-section-height-default elementor-section-height-default ct-header-fixed-none ct-column-none ct-row-scroll-none ct-row-gradient--none ct-row-container--default\" data-id=\"ae56fd5\" data-element_type=\"section\" data-settings=\"{&quot;stretch_section&quot;:&quot;section-stretched&quot;}\">\n            \n                        <div class=\"elementor-container elementor-column-gap-extended \">\n                    <div class=\"elementor-column elementor-col-100 elementor-top-column elementor-element elementor-element-5dc2490 ct-column-none col-offset-none\" data-id=\"5dc2490\" data-element_type=\"column\">\n            <div class=\"elementor-widget-wrap elementor-element-populated\">\n                        \t\t<div class=\"elementor-element elementor-element-f86b8b3 elementor-widget elementor-widget-ct_heading\" data-id=\"f86b8b3\" data-element_type=\"widget\" data-widget_type=\"ct_heading.default\">\n\t\t\t\t<div class=\"elementor-widget-container\">\n\t\t\t<div id=\"ct_heading-f86b8b3\" class=\"ct-heading h-align-center item-st-default\">\r\n    <div class=\"heading-wrapper\">\r\n        <div class=\"inner-heading\">\r\n                          \t            \t\t<div class=\"item--sub-title no-image-bg\">\r\n                                                <span>\r\n                            Formulaire de contact                        <\/span>\r\n                    <\/div>\r\n            \t                <h3 class=\"item--title case-animate-time st-default \" data-wow-delay=\"ms\">\r\n                    <span>Laissez-nous vous contacter<br> dans les plus brefs d\u00e9lais.<\/span>                <\/h3>\r\n        <\/div>\r\n    <\/div>\r\n<\/div>\r\n\t\t<\/div>\n\t\t\t\t<\/div>\n\t\t\t\t<div class=\"elementor-element elementor-element-63a5d28 elementor-widget elementor-widget-ct_contact_form\" data-id=\"63a5d28\" data-element_type=\"widget\" data-widget_type=\"ct_contact_form.default\">\n\t\t\t\t<div class=\"elementor-widget-container\">\n\t\t\t    <div class=\"ct-contact-form ct-contact-form-layout1 style1 \">\r\n        <div class=\"inner-layout\" >\r\n                        <div class=\"ct-contact-form\">\r\n                <div role=\"form\" class=\"wpcf7\" id=\"wpcf7-f1398-o1\" lang=\"en-US\" dir=\"ltr\">\n<div class=\"screen-reader-response\"><p role=\"status\" aria-live=\"polite\" aria-atomic=\"true\"><\/p> <ul><\/ul><\/div>\n<form action=\"\/fr\/wp-json\/wp\/v2\/pages\/527#wpcf7-f1398-o1\" method=\"post\" class=\"wpcf7-form init\" novalidate=\"novalidate\" data-status=\"init\">\n<div style=\"display: none;\">\n<input type=\"hidden\" name=\"_wpcf7\" value=\"1398\" \/>\n<input type=\"hidden\" name=\"_wpcf7_version\" value=\"5.6.4\" \/>\n<input type=\"hidden\" name=\"_wpcf7_locale\" value=\"en_US\" \/>\n<input type=\"hidden\" name=\"_wpcf7_unit_tag\" value=\"wpcf7-f1398-o1\" \/>\n<input type=\"hidden\" name=\"_wpcf7_container_post\" value=\"0\" \/>\n<input type=\"hidden\" name=\"_wpcf7_posted_data_hash\" value=\"\" \/>\n<\/div>\n<div class=\"wp-row-ctf7\">\n<div class=\"row\">\n<div class=\"col-lg-12\">\n<div class=\"input-filled\">\n                <span class=\"wpcf7-form-control-wrap\" data-name=\"your-name\"><input type=\"text\" name=\"your-name\" value=\"\" size=\"40\" class=\"wpcf7-form-control wpcf7-text wpcf7-validates-as-required\" aria-required=\"true\" aria-invalid=\"false\" placeholder=\"Votre nom\" \/><\/span>\n            <\/div>\n<\/div>\n<div class=\"col-lg-12\">\n<div class=\"input-filled\">\n                <span class=\"wpcf7-form-control-wrap\" data-name=\"your-email\"><input type=\"email\" name=\"your-email\" value=\"\" size=\"40\" class=\"wpcf7-form-control wpcf7-text wpcf7-email wpcf7-validates-as-required wpcf7-validates-as-email\" aria-required=\"true\" aria-invalid=\"false\" placeholder=\"E-mail\" \/><\/span>\n            <\/div>\n<\/div>\n<div class=\"col-lg-12\">\n<div class=\"input-filled\">\n                <span class=\"wpcf7-form-control-wrap\" data-name=\"your-message\"><textarea name=\"your-message\" cols=\"40\" rows=\"10\" class=\"wpcf7-form-control wpcf7-textarea\" aria-invalid=\"false\" placeholder=\"Votre num\u00e9ro de t\u00e9l\u00e9phone\/message\"><\/textarea><\/span>\n            <\/div>\n<\/div>\n<div class=\"col-lg-12\">\n<div class=\"input-filled input-filled-btn\">\n                <input type=\"submit\" value=\"Obtenez un devis rapide\" class=\"wpcf7-form-control has-spinner wpcf7-submit\" \/>\n            <\/div>\n<\/div>\n<\/div>\n<\/div>\n<div class=\"wpcf7-response-output\" aria-hidden=\"true\"><\/div><\/form><\/div>            <\/div>\r\n        <\/div>\r\n    <\/div>\r\n\t\t<\/div>\n\t\t\t\t<\/div>\n\t\t            <\/div>\n        <\/div>\n                            <\/div>\n        <\/section>\n        \t\t\t\t\t<\/div>\n\t\t","protected":false},"excerpt":{"rendered":"<p>Nous ne sommes qu&#8217;\u00e0 un coup de t\u00e9l\u00e9phone&#8230; Usine Sazyolu Cad No:10 Yaz\u0131ba\u015f\u0131, Torbal\u0131 \/ \u0130ZM\u0130R +90 232 853 27 77 +90 543 933 89 67 info@dincerraf.com Succursale de Konak E\u015frefpa\u015fa caddesi No: 80\/B \u0130ki\u00e7e\u015fmelik Konak \/ \u0130zmir +90 232 483 04 46 +90 532 151 04 77 info@dincerraf.com Succursale de Karaba\u011flar Ayd\u0131n Mah. Ye\u015fillik [&hellip;]<\/p>\n","protected":false},"author":1,"featured_media":0,"parent":0,"menu_order":0,"comment_status":"closed","ping_status":"closed","template":"","meta":{"footnotes":""},"class_list":["post-527","page","type-page","status-publish","hentry"],"_links":{"self":[{"href":"https:\/\/dincerraf.com\/fr\/wp-json\/wp\/v2\/pages\/527","targetHints":{"allow":["GET"]}}],"collection":[{"href":"https:\/\/dincerraf.com\/fr\/wp-json\/wp\/v2\/pages"}],"about":[{"href":"https:\/\/dincerraf.com\/fr\/wp-json\/wp\/v2\/types\/page"}],"author":[{"embeddable":true,"href":"https:\/\/dincerraf.com\/fr\/wp-json\/wp\/v2\/users\/1"}],"replies":[{"embeddable":true,"href":"https:\/\/dincerraf.com\/fr\/wp-json\/wp\/v2\/comments?post=527"}],"version-history":[{"count":32,"href":"https:\/\/dincerraf.com\/fr\/wp-json\/wp\/v2\/pages\/527\/revisions"}],"predecessor-version":[{"id":15256,"href":"https:\/\/dincerraf.com\/fr\/wp-json\/wp\/v2\/pages\/527\/revisions\/15256"}],"wp:attachment":[{"href":"https:\/\/dincerraf.com\/fr\/wp-json\/wp\/v2\/media?parent=527"}],"curies":[{"name":"wp","href":"https:\/\/api.w.org\/{rel}","templated":true}]}}