                                                                                                                {"id":879,"date":"2021-11-14T15:37:12","date_gmt":"2021-11-14T15:37:12","guid":{"rendered":"https:\/\/demo.casethemes.net\/industo\/?page_id=879"},"modified":"2022-12-26T13:10:12","modified_gmt":"2022-12-26T13:10:12","slug":"message-du-fondateur","status":"publish","type":"page","link":"https:\/\/dincerraf.com\/fr\/message-du-fondateur\/","title":{"rendered":"Message du Fondateur"},"content":{"rendered":"\t\t<div data-elementor-type=\"wp-page\" data-elementor-id=\"879\" class=\"elementor elementor-879\">\n\t\t\t\t\t\t\t        <section class=\"elementor-section elementor-top-section elementor-element elementor-element-f46e956 elementor-section-stretched elementor-section-boxed elementor-section-height-default elementor-section-height-default ct-header-fixed-none ct-column-none ct-row-scroll-none ct-row-gradient--none ct-row-container--default\" data-id=\"f46e956\" data-element_type=\"section\" data-settings=\"{&quot;stretch_section&quot;:&quot;section-stretched&quot;,&quot;background_background&quot;:&quot;classic&quot;}\">\n            \n                        <div class=\"elementor-container elementor-column-gap-extended \">\n                    <div class=\"elementor-column elementor-col-33 elementor-top-column elementor-element elementor-element-f4db8e2 ct-column-none col-offset-none\" data-id=\"f4db8e2\" data-element_type=\"column\">\n            <div class=\"elementor-widget-wrap elementor-element-populated\">\n                        \t\t<div class=\"elementor-element elementor-element-eebddb4 elementor-widget elementor-widget-ct_team_info\" data-id=\"eebddb4\" data-element_type=\"widget\" data-widget_type=\"ct_team_info.default\">\n\t\t\t\t<div class=\"elementor-widget-container\">\n\t\t\t<div id=\"ct_team_info-eebddb4\" class=\"ct-team-info\" data-wow-duration=\"1.2s\">\r\n            <div class=\"wp-feature\">\r\n            <img decoding=\"async\" width=\"1500\" height=\"1500\" src=\"https:\/\/dincerraf.com\/fr\/wp-content\/uploads\/2022\/06\/DINCER-1500X1500.jpg\" class=\"attachment-full\" alt=\"\" \/>        <\/div>\r\n        <div class=\"wp-meta\">\r\n        <div class=\"inner-meta\">\r\n            <div class=\"wp-title\">\r\n                <h3 class=\"item--title case-animate-time style1 \" data-wow-delay=\"ms\">\r\n                    <span>U\u011fur Din\u00e7er<\/span>                <\/h3>\r\n                                    <div class=\"item--sub-title\">\r\n                        <span>\r\n                            Fondateur de Din\u00e7er Raf                        <\/span>\r\n                    <\/div>\r\n                            <\/div>\r\n                            <ul class=\"ct-list-info\">\r\n                                            <li>\r\n                            <a href=\"mailto:ugur@dincerraf.com\">                                                                    <span class=\"ct-contact-icon\">\r\n                                        <i aria-hidden=\"true\" class=\"fas fa-envelope\"><\/i>                                                                            <\/span>\r\n                                                                <span class=\"ct-content\">\r\n                                   ugur@dincerraf.com                                <\/span>\r\n                            <\/a>                       <\/li>\r\n                                            <li>\r\n                            <a href=\"www.dincerraf.com\">                                                                    <span class=\"ct-contact-icon\">\r\n                                        <i aria-hidden=\"true\" class=\"fab fa-internet-explorer\"><\/i>                                                                            <\/span>\r\n                                                                <span class=\"ct-content\">\r\n                                   www.dincerraf.com                                <\/span>\r\n                            <\/a>                       <\/li>\r\n                                    <\/ul>\r\n                                        <div class=\"ct-social\">\r\n                                            <div class=\"item--button\">\r\n                            <a href=\"https:\/\/dincerraf.com\/fr\/contact\/\" target=\"_blank\" class=\"btn-contact\">\r\n                                Contact                                <span><i class=\"flaticon-next\"><\/i><\/span>\r\n                            <\/a>\r\n                        <\/div>\r\n                                                                                            <a class=\"ct_team_info-eebddb4-0\" href=\"#\">\r\n                                <i aria-hidden=\"true\" class=\"fab fa-facebook-f\"><\/i>                                                            <\/a>\r\n                                                                                                <a class=\"ct_team_info-eebddb4-1\" href=\"#\">\r\n                                <i aria-hidden=\"true\" class=\"fab fa-twitter\"><\/i>                                                            <\/a>\r\n                                                                                                <a class=\"ct_team_info-eebddb4-2\" href=\"#\">\r\n                                <i aria-hidden=\"true\" class=\"fab fa-youtube\"><\/i>                                                            <\/a>\r\n                                                            <\/div>\r\n                    <\/div>\r\n    <\/div>\r\n<\/div>\t\t<\/div>\n\t\t\t\t<\/div>\n\t\t            <\/div>\n        <\/div>\n                <div class=\"elementor-column elementor-col-66 elementor-top-column elementor-element elementor-element-d34e47a ct-column-none col-offset-none\" data-id=\"d34e47a\" data-element_type=\"column\">\n            <div class=\"elementor-widget-wrap elementor-element-populated\">\n                        \t\t<div class=\"elementor-element elementor-element-e8846ce elementor-widget elementor-widget-ct_heading\" data-id=\"e8846ce\" data-element_type=\"widget\" data-widget_type=\"ct_heading.default\">\n\t\t\t\t<div class=\"elementor-widget-container\">\n\t\t\t<div id=\"ct_heading-e8846ce\" class=\"ct-heading h-align-left item-st-default\">\r\n    <div class=\"heading-wrapper\">\r\n        <div class=\"inner-heading\">\r\n                          \t                <h3 class=\"item--title case-animate-time st-default \" data-wow-delay=\"ms\">\r\n                    <span>Message du Fondateur<\/span>                <\/h3>\r\n        <\/div>\r\n    <\/div>\r\n<\/div>\r\n\t\t<\/div>\n\t\t\t\t<\/div>\n\t\t\t\t<div class=\"elementor-element elementor-element-6f84e6a elementor-widget elementor-widget-ct_text_editor\" data-id=\"6f84e6a\" data-element_type=\"widget\" data-widget_type=\"ct_text_editor.default\">\n\t\t\t\t<div class=\"elementor-widget-container\">\n\t\t\t<div id=\"ct_text_editor-6f84e6a\" class=\"ct-text-editor \" data-wow-delay=\"ms\">\n\t<div class=\"ct-inline-css\"  data-css=\"\n        \t\t\">\n\n    <\/div>\n\t<div class=\"ct-text-editor-inner elementor-clearfix\">\n\t\t<strong>Cher client\u2026<\/strong><br><br>\n\nAlors que nous exer\u00e7ons nos activit\u00e9s dans le secteur de la conception d&#8217;espaces d&#8217;exposition et de pr\u00e9sentation depuis de nombreuses ann\u00e9es, nous avons toujours eu une formation comme Din\u00e7er Raf dans notre esprit. Tout en produisant des syst\u00e8mes d&#8217;\u00e9tag\u00e8res pour les \u00e9piceries et les centres commerciaux dans le secteur de la vente au d\u00e9tail, nous avons toujours produit et vendu des mat\u00e9riaux. Cependant, la conception et la mise en \u0153uvre de la m\u00eame chose ont toujours \u00e9t\u00e9 \u00e0 notre agenda. Nous avons beaucoup travaill\u00e9 pour les mati\u00e8res concern\u00e9es dans diverses organisations.<br><br>\n\nAlors que les fondations de Din\u00e7er Raf ont \u00e9t\u00e9 pos\u00e9es en 2016, nous nous sommes fix\u00e9s deux objectifs devant nous. Le premier est d&#8217;\u00eatre \u00e0 la fois fabricant et praticien des rayons du march\u00e9, et notre deuxi\u00e8me objectif est de ma\u00eetriser l&#8217;ensemble du processus de la conception \u00e0 l&#8217;application en d\u00e9coration de magasin.<br><br>\n\nLorsque nous regardons en arri\u00e8re ces jours-ci lorsque nous arrivons \u00e0 2022, nous voyons que nos deux objectifs ont \u00e9t\u00e9 atteints. Actuellement, Din\u00e7er Raf est devenu une organisation int\u00e9gr\u00e9e avec son atelier de m\u00e9tallurgie, son atelier de meubles, son atelier de peinture, son \u00e9quipe de conception et son \u00e9quipe de montage.<br><br>\n\n<strong>Notre objectif actuel est de produire des oeuvres de qualit\u00e9, de faire plaisir \u00e0 nos clients et d&#8217;entendre les mots &#8220;tellement content de t&#8217;avoir Din\u00e7er Raf&#8221; tout le temps.<\/strong><br><br>\n\nAu plaisir de travailler ensemble\u2026<br><br>\n\nMeilleures Salutations<br><br>\n\nU\u011fur Din\u00e7er \/ Fondateur de Din\u00e7er Raf\t\t\n\t<\/div>\n<\/div>\t\t<\/div>\n\t\t\t\t<\/div>\n\t\t            <\/div>\n        <\/div>\n                            <\/div>\n        <\/section>\n        \t\t\t\t\t<\/div>\n\t\t","protected":false},"excerpt":{"rendered":"<p>U\u011fur Din\u00e7er Fondateur de Din\u00e7er Raf ugur@dincerraf.com www.dincerraf.com Contact Message du Fondateur Cher client\u2026 Alors que nous exer\u00e7ons nos activit\u00e9s dans le secteur de la conception d&#8217;espaces d&#8217;exposition et de pr\u00e9sentation depuis de nombreuses ann\u00e9es, nous avons toujours eu une formation comme Din\u00e7er Raf dans notre esprit. Tout en produisant des syst\u00e8mes d&#8217;\u00e9tag\u00e8res pour les [&hellip;]<\/p>\n","protected":false},"author":1,"featured_media":0,"parent":0,"menu_order":0,"comment_status":"closed","ping_status":"closed","template":"","meta":{"footnotes":""},"class_list":["post-879","page","type-page","status-publish","hentry"],"_links":{"self":[{"href":"https:\/\/dincerraf.com\/fr\/wp-json\/wp\/v2\/pages\/879","targetHints":{"allow":["GET"]}}],"collection":[{"href":"https:\/\/dincerraf.com\/fr\/wp-json\/wp\/v2\/pages"}],"about":[{"href":"https:\/\/dincerraf.com\/fr\/wp-json\/wp\/v2\/types\/page"}],"author":[{"embeddable":true,"href":"https:\/\/dincerraf.com\/fr\/wp-json\/wp\/v2\/users\/1"}],"replies":[{"embeddable":true,"href":"https:\/\/dincerraf.com\/fr\/wp-json\/wp\/v2\/comments?post=879"}],"version-history":[{"count":14,"href":"https:\/\/dincerraf.com\/fr\/wp-json\/wp\/v2\/pages\/879\/revisions"}],"predecessor-version":[{"id":14951,"href":"https:\/\/dincerraf.com\/fr\/wp-json\/wp\/v2\/pages\/879\/revisions\/14951"}],"wp:attachment":[{"href":"https:\/\/dincerraf.com\/fr\/wp-json\/wp\/v2\/media?parent=879"}],"curies":[{"name":"wp","href":"https:\/\/api.w.org\/{rel}","templated":true}]}}